{"id":6597,"date":"2025-09-02T12:49:55","date_gmt":"2025-09-02T12:49:55","guid":{"rendered":"https:\/\/accrashop.com\/product\/quadro-a-5-pannelli-branco-di-cervi\/"},"modified":"2025-09-20T12:23:21","modified_gmt":"2025-09-20T12:23:21","slug":"quadro-a-5-pannelli-branco-di-cervi","status":"publish","type":"product","link":"https:\/\/accrashop.com\/it\/prodotto\/quadro-a-5-pannelli-branco-di-cervi\/","title":{"rendered":"Quadro a 5 pannelli &#8211; Branco di cervi"},"content":{"rendered":"<p><br data-mce-bogus=\"1\"><\/p>\n","protected":false},"excerpt":{"rendered":"<p>Arte da parete a pi\u00f9 pannelli (5).<\/p>\n<p>Immagine di un branco di cervi.<\/p>\n<p>Stampa ad alta definizione su pannelli in ABS spessi 5 mm.<\/p>\n<p>Dimensioni: Larghezza totale: 150 centimetri \/ Altezza: 85 centimetri \/ Spessore: 5 millimetri<\/p>\n<p>Non c&#8217;\u00e8 bisogno di chiodini per appendere il quadro, perch\u00e9 il nastro da parete \u00e8 gi\u00e0 attaccato al retro di ogni pannello.<\/p>\n","protected":false},"featured_media":0,"comment_status":"open","ping_status":"closed","template":"","meta":{"om_disable_all_campaigns":false},"etheme_brands":[],"product_brand":[],"product_cat":[459,663,661,664,662],"product_tag":[],"class_list":{"0":"post-6597","1":"product","2":"type-product","3":"status-publish","5":"product_cat-casa","6":"product_cat-cornici-da-parete","7":"product_cat-arredamento-per-la-casa","8":"product_cat-set-di-cornici","9":"product_cat-muro","11":"first","12":"instock","13":"shipping-taxable","14":"purchasable","15":"product-type-simple"},"pure_taxonomies":{"product_cat":[{"term_id":459,"name":"Casa","slug":"casa","term_group":0,"term_taxonomy_id":459,"taxonomy":"product_cat","description":"","parent":0,"count":3,"filter":"raw","image":""},{"term_id":663,"name":"Cornici da parete","slug":"cornici-da-parete","term_group":0,"term_taxonomy_id":663,"taxonomy":"product_cat","description":"","parent":0,"count":0,"filter":"raw","image":""},{"term_id":661,"name":"Arredamento per la casa","slug":"arredamento-per-la-casa","term_group":0,"term_taxonomy_id":661,"taxonomy":"product_cat","description":"","parent":0,"count":2,"filter":"raw","image":""},{"term_id":664,"name":"Set di cornici","slug":"set-di-cornici","term_group":0,"term_taxonomy_id":664,"taxonomy":"product_cat","description":"","parent":0,"count":0,"filter":"raw","image":""},{"term_id":662,"name":"Muro","slug":"muro","term_group":0,"term_taxonomy_id":662,"taxonomy":"product_cat","description":"","parent":0,"count":0,"filter":"raw","image":""}]},"_links":{"self":[{"href":"https:\/\/accrashop.com\/it\/wp-json\/wp\/v2\/product\/6597","targetHints":{"allow":["GET"]}}],"collection":[{"href":"https:\/\/accrashop.com\/it\/wp-json\/wp\/v2\/product"}],"about":[{"href":"https:\/\/accrashop.com\/it\/wp-json\/wp\/v2\/types\/product"}],"replies":[{"embeddable":true,"href":"https:\/\/accrashop.com\/it\/wp-json\/wp\/v2\/comments?post=6597"}],"version-history":[{"count":1,"href":"https:\/\/accrashop.com\/it\/wp-json\/wp\/v2\/product\/6597\/revisions"}],"predecessor-version":[{"id":6599,"href":"https:\/\/accrashop.com\/it\/wp-json\/wp\/v2\/product\/6597\/revisions\/6599"}],"wp:attachment":[{"href":"https:\/\/accrashop.com\/it\/wp-json\/wp\/v2\/media?parent=6597"}],"wp:term":[{"taxonomy":"brand","embeddable":true,"href":"https:\/\/accrashop.com\/it\/wp-json\/wp\/v2\/etheme_brands?post=6597"},{"taxonomy":"product_brand","embeddable":true,"href":"https:\/\/accrashop.com\/it\/wp-json\/wp\/v2\/product_brand?post=6597"},{"taxonomy":"product_cat","embeddable":true,"href":"https:\/\/accrashop.com\/it\/wp-json\/wp\/v2\/product_cat?post=6597"},{"taxonomy":"product_tag","embeddable":true,"href":"https:\/\/accrashop.com\/it\/wp-json\/wp\/v2\/product_tag?post=6597"}],"curies":[{"name":"wp","href":"https:\/\/api.w.org\/{rel}","templated":true}]}}