{"id":6989,"date":"2025-09-09T20:06:45","date_gmt":"2025-09-09T20:06:45","guid":{"rendered":"https:\/\/accrashop.com\/product\/sac-messager-en-cuir-a-la-mode-pour-hommes\/"},"modified":"2025-09-20T12:25:08","modified_gmt":"2025-09-20T12:25:08","slug":"sac-messager-en-cuir-a-la-mode-pour-hommes","status":"publish","type":"product","link":"https:\/\/accrashop.com\/fr\/produit\/sac-messager-en-cuir-a-la-mode-pour-hommes\/","title":{"rendered":"Sac messager en cuir \u00e0 la mode pour hommes"},"content":{"rendered":"<p>La description de ce produit n&rsquo;est pas disponible.<\/p>\n","protected":false},"excerpt":{"rendered":"<p>Il s&rsquo;agit d&rsquo;un \u00e9chantillon de produit \u00e0 des fins de pr\u00e9sentation uniquement.<br \/>\nNon achetable.<\/p>\n","protected":false},"featured_media":197,"comment_status":"open","ping_status":"closed","template":"","meta":{"om_disable_all_campaigns":false},"etheme_brands":[],"product_brand":[],"product_cat":[739,483,488,738],"product_tag":[],"class_list":{"0":"post-6989","1":"product","2":"type-product","3":"status-publish","4":"has-post-thumbnail","6":"product_cat-bagages-et-sacs-de-voyage-sacs-a-dos","7":"product_cat-la-mode","8":"product_cat-mode-pour-hommes","9":"product_cat-sacs","11":"first","12":"outofstock","13":"shipping-taxable","14":"purchasable","15":"product-type-simple"},"pure_taxonomies":{"product_cat":[{"term_id":739,"name":"Bagages et sacs de voyage, sacs \u00e0 dos","slug":"bagages-et-sacs-de-voyage-sacs-a-dos","term_group":0,"term_taxonomy_id":739,"taxonomy":"product_cat","description":"","parent":0,"count":0,"filter":"raw","image":""},{"term_id":483,"name":"La mode","slug":"la-mode","term_group":0,"term_taxonomy_id":483,"taxonomy":"product_cat","description":"[block id=\"2801\"]","parent":0,"count":22,"filter":"raw","image":""},{"term_id":488,"name":"Mode pour hommes","slug":"mode-pour-hommes","term_group":0,"term_taxonomy_id":488,"taxonomy":"product_cat","description":"","parent":0,"count":19,"filter":"raw","image":""},{"term_id":738,"name":"Sacs","slug":"sacs","term_group":0,"term_taxonomy_id":738,"taxonomy":"product_cat","description":"","parent":0,"count":0,"filter":"raw","image":""}]},"_links":{"self":[{"href":"https:\/\/accrashop.com\/fr\/wp-json\/wp\/v2\/product\/6989","targetHints":{"allow":["GET"]}}],"collection":[{"href":"https:\/\/accrashop.com\/fr\/wp-json\/wp\/v2\/product"}],"about":[{"href":"https:\/\/accrashop.com\/fr\/wp-json\/wp\/v2\/types\/product"}],"replies":[{"embeddable":true,"href":"https:\/\/accrashop.com\/fr\/wp-json\/wp\/v2\/comments?post=6989"}],"version-history":[{"count":1,"href":"https:\/\/accrashop.com\/fr\/wp-json\/wp\/v2\/product\/6989\/revisions"}],"predecessor-version":[{"id":6993,"href":"https:\/\/accrashop.com\/fr\/wp-json\/wp\/v2\/product\/6989\/revisions\/6993"}],"wp:featuredmedia":[{"embeddable":true,"href":"https:\/\/accrashop.com\/fr\/wp-json\/wp\/v2\/media\/197"}],"wp:attachment":[{"href":"https:\/\/accrashop.com\/fr\/wp-json\/wp\/v2\/media?parent=6989"}],"wp:term":[{"taxonomy":"brand","embeddable":true,"href":"https:\/\/accrashop.com\/fr\/wp-json\/wp\/v2\/etheme_brands?post=6989"},{"taxonomy":"product_brand","embeddable":true,"href":"https:\/\/accrashop.com\/fr\/wp-json\/wp\/v2\/product_brand?post=6989"},{"taxonomy":"product_cat","embeddable":true,"href":"https:\/\/accrashop.com\/fr\/wp-json\/wp\/v2\/product_cat?post=6989"},{"taxonomy":"product_tag","embeddable":true,"href":"https:\/\/accrashop.com\/fr\/wp-json\/wp\/v2\/product_tag?post=6989"}],"curies":[{"name":"wp","href":"https:\/\/api.w.org\/{rel}","templated":true}]}}