{"id":6973,"date":"2025-09-09T20:20:11","date_gmt":"2025-09-09T20:20:11","guid":{"rendered":"https:\/\/accrashop.com\/product\/ensemble-de-vetements-blancs-pour-hommes\/"},"modified":"2025-09-20T12:25:02","modified_gmt":"2025-09-20T12:25:02","slug":"ensemble-de-vetements-blancs-pour-hommes","status":"publish","type":"product","link":"https:\/\/accrashop.com\/fr\/produit\/ensemble-de-vetements-blancs-pour-hommes\/","title":{"rendered":"Ensemble de v\u00eatements blancs pour hommes"},"content":{"rendered":"<p>La description de ce produit n&rsquo;est pas disponible.<\/p>\n","protected":false},"excerpt":{"rendered":"<p>Il s&rsquo;agit d&rsquo;un \u00e9chantillon de produit \u00e0 des fins de pr\u00e9sentation uniquement.<br \/>\nNon achetable.<\/p>\n","protected":false},"featured_media":203,"comment_status":"open","ping_status":"closed","template":"","meta":{"om_disable_all_campaigns":false},"etheme_brands":[],"product_brand":[],"product_cat":[731,483,488,530],"product_tag":[],"class_list":{"0":"post-6973","1":"product","2":"type-product","3":"status-publish","4":"has-post-thumbnail","6":"product_cat-ensembles-de-vetements","7":"product_cat-la-mode","8":"product_cat-mode-pour-hommes","9":"product_cat-vetements","11":"first","12":"outofstock","13":"shipping-taxable","14":"purchasable","15":"product-type-simple"},"pure_taxonomies":{"product_cat":[{"term_id":731,"name":"Ensembles de v\u00eatements","slug":"ensembles-de-vetements","term_group":0,"term_taxonomy_id":731,"taxonomy":"product_cat","description":"","parent":0,"count":0,"filter":"raw","image":""},{"term_id":483,"name":"La mode","slug":"la-mode","term_group":0,"term_taxonomy_id":483,"taxonomy":"product_cat","description":"[block id=\"2801\"]","parent":0,"count":22,"filter":"raw","image":""},{"term_id":488,"name":"Mode pour hommes","slug":"mode-pour-hommes","term_group":0,"term_taxonomy_id":488,"taxonomy":"product_cat","description":"","parent":0,"count":19,"filter":"raw","image":""},{"term_id":530,"name":"V\u00eatements","slug":"vetements","term_group":0,"term_taxonomy_id":530,"taxonomy":"product_cat","description":"","parent":0,"count":11,"filter":"raw","image":""}]},"_links":{"self":[{"href":"https:\/\/accrashop.com\/fr\/wp-json\/wp\/v2\/product\/6973","targetHints":{"allow":["GET"]}}],"collection":[{"href":"https:\/\/accrashop.com\/fr\/wp-json\/wp\/v2\/product"}],"about":[{"href":"https:\/\/accrashop.com\/fr\/wp-json\/wp\/v2\/types\/product"}],"replies":[{"embeddable":true,"href":"https:\/\/accrashop.com\/fr\/wp-json\/wp\/v2\/comments?post=6973"}],"version-history":[{"count":1,"href":"https:\/\/accrashop.com\/fr\/wp-json\/wp\/v2\/product\/6973\/revisions"}],"predecessor-version":[{"id":6977,"href":"https:\/\/accrashop.com\/fr\/wp-json\/wp\/v2\/product\/6973\/revisions\/6977"}],"wp:featuredmedia":[{"embeddable":true,"href":"https:\/\/accrashop.com\/fr\/wp-json\/wp\/v2\/media\/203"}],"wp:attachment":[{"href":"https:\/\/accrashop.com\/fr\/wp-json\/wp\/v2\/media?parent=6973"}],"wp:term":[{"taxonomy":"brand","embeddable":true,"href":"https:\/\/accrashop.com\/fr\/wp-json\/wp\/v2\/etheme_brands?post=6973"},{"taxonomy":"product_brand","embeddable":true,"href":"https:\/\/accrashop.com\/fr\/wp-json\/wp\/v2\/product_brand?post=6973"},{"taxonomy":"product_cat","embeddable":true,"href":"https:\/\/accrashop.com\/fr\/wp-json\/wp\/v2\/product_cat?post=6973"},{"taxonomy":"product_tag","embeddable":true,"href":"https:\/\/accrashop.com\/fr\/wp-json\/wp\/v2\/product_tag?post=6973"}],"curies":[{"name":"wp","href":"https:\/\/api.w.org\/{rel}","templated":true}]}}