{"id":6872,"date":"2025-09-09T18:00:47","date_gmt":"2025-09-09T18:00:47","guid":{"rendered":"https:\/\/accrashop.com\/product\/combinaison-de-securite\/"},"modified":"2025-09-20T12:24:32","modified_gmt":"2025-09-20T12:24:32","slug":"combinaison-de-securite","status":"publish","type":"product","link":"https:\/\/accrashop.com\/fr\/produit\/combinaison-de-securite\/","title":{"rendered":"Combinaison de s\u00e9curit\u00e9"},"content":{"rendered":"<p>La description de ce produit n&rsquo;est pas disponible.<\/p>\n","protected":false},"excerpt":{"rendered":"<p>Il s&rsquo;agit d&rsquo;un \u00e9chantillon de produit \u00e0 des fins de pr\u00e9sentation uniquement.<br \/>\nNon achetable.<\/p>\n","protected":false},"featured_media":178,"comment_status":"open","ping_status":"closed","template":"","meta":{"om_disable_all_campaigns":false},"etheme_brands":[],"product_brand":[],"product_cat":[570,696,706],"product_tag":[],"class_list":{"0":"post-6872","1":"product","2":"type-product","3":"status-publish","4":"has-post-thumbnail","6":"product_cat-equipement-commercial-et-industriels","7":"product_cat-equipement-de-securite","8":"product_cat-vetements-de-securite","10":"first","11":"outofstock","12":"shipping-taxable","13":"purchasable","14":"product-type-simple"},"pure_taxonomies":{"product_cat":[{"term_id":570,"name":"\u00c9quipement commerciaux et industriels","slug":"equipement-commercial-et-industriels","term_group":0,"term_taxonomy_id":570,"taxonomy":"product_cat","description":"","parent":0,"count":0,"filter":"raw","image":""},{"term_id":696,"name":"\u00c9quipement de s\u00e9curit\u00e9","slug":"equipement-de-securite","term_group":0,"term_taxonomy_id":696,"taxonomy":"product_cat","description":"","parent":0,"count":0,"filter":"raw","image":""},{"term_id":706,"name":"V\u00eatements de s\u00e9curit\u00e9","slug":"vetements-de-securite","term_group":0,"term_taxonomy_id":706,"taxonomy":"product_cat","description":"","parent":0,"count":0,"filter":"raw","image":""}]},"_links":{"self":[{"href":"https:\/\/accrashop.com\/fr\/wp-json\/wp\/v2\/product\/6872","targetHints":{"allow":["GET"]}}],"collection":[{"href":"https:\/\/accrashop.com\/fr\/wp-json\/wp\/v2\/product"}],"about":[{"href":"https:\/\/accrashop.com\/fr\/wp-json\/wp\/v2\/types\/product"}],"replies":[{"embeddable":true,"href":"https:\/\/accrashop.com\/fr\/wp-json\/wp\/v2\/comments?post=6872"}],"version-history":[{"count":1,"href":"https:\/\/accrashop.com\/fr\/wp-json\/wp\/v2\/product\/6872\/revisions"}],"predecessor-version":[{"id":6874,"href":"https:\/\/accrashop.com\/fr\/wp-json\/wp\/v2\/product\/6872\/revisions\/6874"}],"wp:featuredmedia":[{"embeddable":true,"href":"https:\/\/accrashop.com\/fr\/wp-json\/wp\/v2\/media\/178"}],"wp:attachment":[{"href":"https:\/\/accrashop.com\/fr\/wp-json\/wp\/v2\/media?parent=6872"}],"wp:term":[{"taxonomy":"brand","embeddable":true,"href":"https:\/\/accrashop.com\/fr\/wp-json\/wp\/v2\/etheme_brands?post=6872"},{"taxonomy":"product_brand","embeddable":true,"href":"https:\/\/accrashop.com\/fr\/wp-json\/wp\/v2\/product_brand?post=6872"},{"taxonomy":"product_cat","embeddable":true,"href":"https:\/\/accrashop.com\/fr\/wp-json\/wp\/v2\/product_cat?post=6872"},{"taxonomy":"product_tag","embeddable":true,"href":"https:\/\/accrashop.com\/fr\/wp-json\/wp\/v2\/product_tag?post=6872"}],"curies":[{"name":"wp","href":"https:\/\/api.w.org\/{rel}","templated":true}]}}