{"id":6786,"date":"2025-09-09T17:38:10","date_gmt":"2025-09-09T17:38:10","guid":{"rendered":"https:\/\/accrashop.com\/product\/fauteuil-roulant-normal\/"},"modified":"2025-09-20T12:24:03","modified_gmt":"2025-09-20T12:24:03","slug":"fauteuil-roulant-normal","status":"publish","type":"product","link":"https:\/\/accrashop.com\/fr\/produit\/fauteuil-roulant-normal\/","title":{"rendered":"Fauteuil roulant normal"},"content":{"rendered":"<p>La description de ce produit n&rsquo;est pas disponible<\/p>\n","protected":false},"excerpt":{"rendered":"<p>Il s&rsquo;agit d&rsquo;un \u00e9chantillon de produit \u00e0 des fins de pr\u00e9sentation uniquement.<br \/>\nNon achetable<\/p>\n","protected":false},"featured_media":169,"comment_status":"open","ping_status":"closed","template":"","meta":{"om_disable_all_campaigns":false},"etheme_brands":[],"product_brand":[],"product_cat":[570,676,675],"product_tag":[],"class_list":{"0":"post-6786","1":"product","2":"type-product","3":"status-publish","4":"has-post-thumbnail","6":"product_cat-equipement-commercial-et-industriels","7":"product_cat-fauteuils-roulants","8":"product_cat-materiel-medical","10":"first","11":"outofstock","12":"shipping-taxable","13":"purchasable","14":"product-type-simple"},"pure_taxonomies":{"product_cat":[{"term_id":570,"name":"\u00c9quipement commerciaux et industriels","slug":"equipement-commercial-et-industriels","term_group":0,"term_taxonomy_id":570,"taxonomy":"product_cat","description":"","parent":0,"count":0,"filter":"raw","image":""},{"term_id":676,"name":"Fauteuils roulants","slug":"fauteuils-roulants","term_group":0,"term_taxonomy_id":676,"taxonomy":"product_cat","description":"","parent":0,"count":0,"filter":"raw","image":""},{"term_id":675,"name":"Mat\u00e9riel m\u00e9dical","slug":"materiel-medical","term_group":0,"term_taxonomy_id":675,"taxonomy":"product_cat","description":"","parent":0,"count":0,"filter":"raw","image":""}]},"_links":{"self":[{"href":"https:\/\/accrashop.com\/fr\/wp-json\/wp\/v2\/product\/6786","targetHints":{"allow":["GET"]}}],"collection":[{"href":"https:\/\/accrashop.com\/fr\/wp-json\/wp\/v2\/product"}],"about":[{"href":"https:\/\/accrashop.com\/fr\/wp-json\/wp\/v2\/types\/product"}],"replies":[{"embeddable":true,"href":"https:\/\/accrashop.com\/fr\/wp-json\/wp\/v2\/comments?post=6786"}],"version-history":[{"count":1,"href":"https:\/\/accrashop.com\/fr\/wp-json\/wp\/v2\/product\/6786\/revisions"}],"predecessor-version":[{"id":6791,"href":"https:\/\/accrashop.com\/fr\/wp-json\/wp\/v2\/product\/6786\/revisions\/6791"}],"wp:featuredmedia":[{"embeddable":true,"href":"https:\/\/accrashop.com\/fr\/wp-json\/wp\/v2\/media\/169"}],"wp:attachment":[{"href":"https:\/\/accrashop.com\/fr\/wp-json\/wp\/v2\/media?parent=6786"}],"wp:term":[{"taxonomy":"brand","embeddable":true,"href":"https:\/\/accrashop.com\/fr\/wp-json\/wp\/v2\/etheme_brands?post=6786"},{"taxonomy":"product_brand","embeddable":true,"href":"https:\/\/accrashop.com\/fr\/wp-json\/wp\/v2\/product_brand?post=6786"},{"taxonomy":"product_cat","embeddable":true,"href":"https:\/\/accrashop.com\/fr\/wp-json\/wp\/v2\/product_cat?post=6786"},{"taxonomy":"product_tag","embeddable":true,"href":"https:\/\/accrashop.com\/fr\/wp-json\/wp\/v2\/product_tag?post=6786"}],"curies":[{"name":"wp","href":"https:\/\/api.w.org\/{rel}","templated":true}]}}