{"id":6763,"date":"2025-09-07T09:33:03","date_gmt":"2025-09-07T09:33:03","guid":{"rendered":"https:\/\/accrashop.com\/product\/tasse-a-poulet-automatique\/"},"modified":"2025-09-20T12:23:53","modified_gmt":"2025-09-20T12:23:53","slug":"tasse-a-poulet-automatique","status":"publish","type":"product","link":"https:\/\/accrashop.com\/fr\/produit\/tasse-a-poulet-automatique\/","title":{"rendered":"Tasse \u00e0 poulet automatique"},"content":{"rendered":"<p>La description du produit n&rsquo;est pas disponible.<\/p>\n","protected":false},"excerpt":{"rendered":"<p>Il s&rsquo;agit d&rsquo;un \u00e9chantillon de produit \u00e0 des fins de pr\u00e9sentation uniquement.<br \/>\nNon achetable.<\/p>\n","protected":false},"featured_media":6764,"comment_status":"open","ping_status":"closed","template":"","meta":{"om_disable_all_campaigns":false},"etheme_brands":[],"product_brand":[],"product_cat":[614,670,615],"product_tag":[],"class_list":{"0":"post-6763","1":"product","2":"type-product","3":"status-publish","4":"has-post-thumbnail","6":"product_cat-agriculture-et-elevage","7":"product_cat-systeme-abreuvement-automatique","8":"product_cat-materiel-agricole-et-delevage","10":"first","11":"outofstock","12":"shipping-taxable","13":"purchasable","14":"product-type-simple"},"pure_taxonomies":{"product_cat":[{"term_id":614,"name":"Agriculture et \u00e9levage","slug":"agriculture-et-elevage","term_group":0,"term_taxonomy_id":614,"taxonomy":"product_cat","description":"","parent":0,"count":6,"filter":"raw","image":""},{"term_id":670,"name":"Syst\u00e8me d&#039;abreuvement automatique","slug":"systeme-abreuvement-automatique","term_group":0,"term_taxonomy_id":670,"taxonomy":"product_cat","description":"","parent":0,"count":1,"filter":"raw","image":""},{"term_id":615,"name":"Mat\u00e9riel agricole et d'\u00e9levage","slug":"materiel-agricole-et-delevage","term_group":0,"term_taxonomy_id":615,"taxonomy":"product_cat","description":"","parent":0,"count":4,"filter":"raw","image":""}]},"_links":{"self":[{"href":"https:\/\/accrashop.com\/fr\/wp-json\/wp\/v2\/product\/6763","targetHints":{"allow":["GET"]}}],"collection":[{"href":"https:\/\/accrashop.com\/fr\/wp-json\/wp\/v2\/product"}],"about":[{"href":"https:\/\/accrashop.com\/fr\/wp-json\/wp\/v2\/types\/product"}],"replies":[{"embeddable":true,"href":"https:\/\/accrashop.com\/fr\/wp-json\/wp\/v2\/comments?post=6763"}],"version-history":[{"count":1,"href":"https:\/\/accrashop.com\/fr\/wp-json\/wp\/v2\/product\/6763\/revisions"}],"predecessor-version":[{"id":6765,"href":"https:\/\/accrashop.com\/fr\/wp-json\/wp\/v2\/product\/6763\/revisions\/6765"}],"wp:featuredmedia":[{"embeddable":true,"href":"https:\/\/accrashop.com\/fr\/wp-json\/wp\/v2\/media\/6764"}],"wp:attachment":[{"href":"https:\/\/accrashop.com\/fr\/wp-json\/wp\/v2\/media?parent=6763"}],"wp:term":[{"taxonomy":"brand","embeddable":true,"href":"https:\/\/accrashop.com\/fr\/wp-json\/wp\/v2\/etheme_brands?post=6763"},{"taxonomy":"product_brand","embeddable":true,"href":"https:\/\/accrashop.com\/fr\/wp-json\/wp\/v2\/product_brand?post=6763"},{"taxonomy":"product_cat","embeddable":true,"href":"https:\/\/accrashop.com\/fr\/wp-json\/wp\/v2\/product_cat?post=6763"},{"taxonomy":"product_tag","embeddable":true,"href":"https:\/\/accrashop.com\/fr\/wp-json\/wp\/v2\/product_tag?post=6763"}],"curies":[{"name":"wp","href":"https:\/\/api.w.org\/{rel}","templated":true}]}}