{"id":6641,"date":"2025-08-26T06:49:14","date_gmt":"2025-08-26T06:49:14","guid":{"rendered":"https:\/\/accrashop.com\/product\/chaussures-decontractees-pour-femmes\/"},"modified":"2025-09-20T12:23:28","modified_gmt":"2025-09-20T12:23:28","slug":"chaussures-decontractees-pour-femmes","status":"publish","type":"product","link":"https:\/\/accrashop.com\/fr\/produit\/chaussures-decontractees-pour-femmes\/","title":{"rendered":"Chaussures d\u00e9contract\u00e9es pour femmes"},"content":{"rendered":"<p>Chaussures d\u00e9contract\u00e9es pour dames<\/p>\n","protected":false},"excerpt":{"rendered":"<p>Chaussures d\u00e9contract\u00e9es pour dames<\/p>\n","protected":false},"featured_media":6643,"comment_status":"open","ping_status":"closed","template":"","meta":{"om_disable_all_campaigns":false},"etheme_brands":[],"product_brand":[],"product_cat":[487,483],"product_tag":[],"class_list":{"0":"post-6641","1":"product","2":"type-product","3":"status-publish","4":"has-post-thumbnail","6":"product_cat-chaussures","7":"product_cat-la-mode","9":"first","10":"outofstock","11":"shipping-taxable","12":"purchasable","13":"product-type-simple"},"pure_taxonomies":{"product_cat":[{"term_id":487,"name":"Chaussures","slug":"chaussures","term_group":0,"term_taxonomy_id":487,"taxonomy":"product_cat","description":"","parent":0,"count":5,"filter":"raw","image":""},{"term_id":483,"name":"La mode","slug":"la-mode","term_group":0,"term_taxonomy_id":483,"taxonomy":"product_cat","description":"[block id=\"2801\"]","parent":0,"count":22,"filter":"raw","image":""}]},"_links":{"self":[{"href":"https:\/\/accrashop.com\/fr\/wp-json\/wp\/v2\/product\/6641","targetHints":{"allow":["GET"]}}],"collection":[{"href":"https:\/\/accrashop.com\/fr\/wp-json\/wp\/v2\/product"}],"about":[{"href":"https:\/\/accrashop.com\/fr\/wp-json\/wp\/v2\/types\/product"}],"replies":[{"embeddable":true,"href":"https:\/\/accrashop.com\/fr\/wp-json\/wp\/v2\/comments?post=6641"}],"version-history":[{"count":1,"href":"https:\/\/accrashop.com\/fr\/wp-json\/wp\/v2\/product\/6641\/revisions"}],"predecessor-version":[{"id":6645,"href":"https:\/\/accrashop.com\/fr\/wp-json\/wp\/v2\/product\/6641\/revisions\/6645"}],"wp:featuredmedia":[{"embeddable":true,"href":"https:\/\/accrashop.com\/fr\/wp-json\/wp\/v2\/media\/6643"}],"wp:attachment":[{"href":"https:\/\/accrashop.com\/fr\/wp-json\/wp\/v2\/media?parent=6641"}],"wp:term":[{"taxonomy":"brand","embeddable":true,"href":"https:\/\/accrashop.com\/fr\/wp-json\/wp\/v2\/etheme_brands?post=6641"},{"taxonomy":"product_brand","embeddable":true,"href":"https:\/\/accrashop.com\/fr\/wp-json\/wp\/v2\/product_brand?post=6641"},{"taxonomy":"product_cat","embeddable":true,"href":"https:\/\/accrashop.com\/fr\/wp-json\/wp\/v2\/product_cat?post=6641"},{"taxonomy":"product_tag","embeddable":true,"href":"https:\/\/accrashop.com\/fr\/wp-json\/wp\/v2\/product_tag?post=6641"}],"curies":[{"name":"wp","href":"https:\/\/api.w.org\/{rel}","templated":true}]}}