{"id":6527,"date":"2025-09-07T10:27:31","date_gmt":"2025-09-07T10:27:31","guid":{"rendered":"https:\/\/accrashop.com\/product\/couvertures-universelles-pour-voitures-de-sport\/"},"modified":"2025-09-20T12:22:50","modified_gmt":"2025-09-20T12:22:50","slug":"couvertures-universelles-pour-voitures-de-sport","status":"publish","type":"product","link":"https:\/\/accrashop.com\/fr\/produit\/couvertures-universelles-pour-voitures-de-sport\/","title":{"rendered":"Couvertures universelles pour voitures de sport"},"content":{"rendered":"<p>La description du produit n&rsquo;est pas disponible.<\/p>\n","protected":false},"excerpt":{"rendered":"<p>Il s&rsquo;agit d&rsquo;un \u00e9chantillon de produit \u00e0 des fins de pr\u00e9sentation uniquement.<br \/>\nNon achetable.<\/p>\n","protected":false},"featured_media":149,"comment_status":"open","ping_status":"closed","template":"","meta":{"om_disable_all_campaigns":false},"etheme_brands":[],"product_brand":[],"product_cat":[636,637],"product_tag":[],"class_list":{"0":"post-6527","1":"product","2":"type-product","3":"status-publish","4":"has-post-thumbnail","6":"product_cat-pieces-detachees-auto-moto","7":"product_cat-pieces-detachees-automobiles","9":"first","10":"outofstock","11":"shipping-taxable","12":"purchasable","13":"product-type-simple"},"pure_taxonomies":{"product_cat":[{"term_id":636,"name":"Pi\u00e8ces d\u00e9tach\u00e9es auto\/moto","slug":"pieces-detachees-auto-moto","term_group":0,"term_taxonomy_id":636,"taxonomy":"product_cat","description":"","parent":0,"count":0,"filter":"raw","image":""},{"term_id":637,"name":"Pi\u00e8ces d\u00e9tach\u00e9es automobiles","slug":"pieces-detachees-automobiles","term_group":0,"term_taxonomy_id":637,"taxonomy":"product_cat","description":"","parent":0,"count":0,"filter":"raw","image":""}]},"_links":{"self":[{"href":"https:\/\/accrashop.com\/fr\/wp-json\/wp\/v2\/product\/6527","targetHints":{"allow":["GET"]}}],"collection":[{"href":"https:\/\/accrashop.com\/fr\/wp-json\/wp\/v2\/product"}],"about":[{"href":"https:\/\/accrashop.com\/fr\/wp-json\/wp\/v2\/types\/product"}],"replies":[{"embeddable":true,"href":"https:\/\/accrashop.com\/fr\/wp-json\/wp\/v2\/comments?post=6527"}],"version-history":[{"count":1,"href":"https:\/\/accrashop.com\/fr\/wp-json\/wp\/v2\/product\/6527\/revisions"}],"predecessor-version":[{"id":6530,"href":"https:\/\/accrashop.com\/fr\/wp-json\/wp\/v2\/product\/6527\/revisions\/6530"}],"wp:featuredmedia":[{"embeddable":true,"href":"https:\/\/accrashop.com\/fr\/wp-json\/wp\/v2\/media\/149"}],"wp:attachment":[{"href":"https:\/\/accrashop.com\/fr\/wp-json\/wp\/v2\/media?parent=6527"}],"wp:term":[{"taxonomy":"brand","embeddable":true,"href":"https:\/\/accrashop.com\/fr\/wp-json\/wp\/v2\/etheme_brands?post=6527"},{"taxonomy":"product_brand","embeddable":true,"href":"https:\/\/accrashop.com\/fr\/wp-json\/wp\/v2\/product_brand?post=6527"},{"taxonomy":"product_cat","embeddable":true,"href":"https:\/\/accrashop.com\/fr\/wp-json\/wp\/v2\/product_cat?post=6527"},{"taxonomy":"product_tag","embeddable":true,"href":"https:\/\/accrashop.com\/fr\/wp-json\/wp\/v2\/product_tag?post=6527"}],"curies":[{"name":"wp","href":"https:\/\/api.w.org\/{rel}","templated":true}]}}