{"id":6464,"date":"2025-09-07T10:07:18","date_gmt":"2025-09-07T10:07:18","guid":{"rendered":"https:\/\/accrashop.com\/product\/stringburg-forest-fs3c-guitare\/"},"modified":"2025-09-20T12:22:30","modified_gmt":"2025-09-20T12:22:30","slug":"stringburg-forest-fs3c-guitare","status":"publish","type":"product","link":"https:\/\/accrashop.com\/fr\/produit\/stringburg-forest-fs3c-guitare\/","title":{"rendered":"Stringburg Forest FS3C Guitare"},"content":{"rendered":"<p>La description du produit n&rsquo;est pas disponible.<\/p>\n","protected":false},"excerpt":{"rendered":"<p>Il s&rsquo;agit d&rsquo;un \u00e9chantillon de produit \u00e0 des fins de pr\u00e9sentation uniquement.<br \/>\nNon achetable.<\/p>\n","protected":false},"featured_media":143,"comment_status":"open","ping_status":"closed","template":"","meta":{"om_disable_all_campaigns":false},"etheme_brands":[],"product_brand":[],"product_cat":[607,593,592],"product_tag":[],"class_list":{"0":"post-6464","1":"product","2":"type-product","3":"status-publish","4":"has-post-thumbnail","6":"product_cat-guitares","7":"product_cat-instruments-de-musique","8":"product_cat-sports-et-loisirs","10":"first","11":"outofstock","12":"shipping-taxable","13":"purchasable","14":"product-type-simple"},"pure_taxonomies":{"product_cat":[{"term_id":607,"name":"Guitares","slug":"guitares","term_group":0,"term_taxonomy_id":607,"taxonomy":"product_cat","description":"","parent":0,"count":0,"filter":"raw","image":""},{"term_id":593,"name":"Instruments de musique","slug":"instruments-de-musique","term_group":0,"term_taxonomy_id":593,"taxonomy":"product_cat","description":"","parent":0,"count":0,"filter":"raw","image":""},{"term_id":592,"name":"Sports et loisirs","slug":"sports-et-loisirs","term_group":0,"term_taxonomy_id":592,"taxonomy":"product_cat","description":"","parent":0,"count":5,"filter":"raw","image":""}]},"_links":{"self":[{"href":"https:\/\/accrashop.com\/fr\/wp-json\/wp\/v2\/product\/6464","targetHints":{"allow":["GET"]}}],"collection":[{"href":"https:\/\/accrashop.com\/fr\/wp-json\/wp\/v2\/product"}],"about":[{"href":"https:\/\/accrashop.com\/fr\/wp-json\/wp\/v2\/types\/product"}],"replies":[{"embeddable":true,"href":"https:\/\/accrashop.com\/fr\/wp-json\/wp\/v2\/comments?post=6464"}],"version-history":[{"count":1,"href":"https:\/\/accrashop.com\/fr\/wp-json\/wp\/v2\/product\/6464\/revisions"}],"predecessor-version":[{"id":6468,"href":"https:\/\/accrashop.com\/fr\/wp-json\/wp\/v2\/product\/6464\/revisions\/6468"}],"wp:featuredmedia":[{"embeddable":true,"href":"https:\/\/accrashop.com\/fr\/wp-json\/wp\/v2\/media\/143"}],"wp:attachment":[{"href":"https:\/\/accrashop.com\/fr\/wp-json\/wp\/v2\/media?parent=6464"}],"wp:term":[{"taxonomy":"brand","embeddable":true,"href":"https:\/\/accrashop.com\/fr\/wp-json\/wp\/v2\/etheme_brands?post=6464"},{"taxonomy":"product_brand","embeddable":true,"href":"https:\/\/accrashop.com\/fr\/wp-json\/wp\/v2\/product_brand?post=6464"},{"taxonomy":"product_cat","embeddable":true,"href":"https:\/\/accrashop.com\/fr\/wp-json\/wp\/v2\/product_cat?post=6464"},{"taxonomy":"product_tag","embeddable":true,"href":"https:\/\/accrashop.com\/fr\/wp-json\/wp\/v2\/product_tag?post=6464"}],"curies":[{"name":"wp","href":"https:\/\/api.w.org\/{rel}","templated":true}]}}