{"id":6446,"date":"2025-09-07T10:17:34","date_gmt":"2025-09-07T10:17:34","guid":{"rendered":"https:\/\/accrashop.com\/product\/saxophone-alto-yas-280-electrophoretique\/"},"modified":"2025-09-20T12:22:25","modified_gmt":"2025-09-20T12:22:25","slug":"saxophone-alto-yas-280-electrophoretique","status":"publish","type":"product","link":"https:\/\/accrashop.com\/fr\/produit\/saxophone-alto-yas-280-electrophoretique\/","title":{"rendered":"Saxophone alto YAS-280 \u00e9lectrophor\u00e9tique"},"content":{"rendered":"<p>La description du produit n&rsquo;est pas disponible.<\/p>\n","protected":false},"excerpt":{"rendered":"<p>Il s&rsquo;agit d&rsquo;un \u00e9chantillon de produit \u00e0 des fins de pr\u00e9sentation uniquement.<br \/>\nNon achetable.<\/p>\n","protected":false},"featured_media":145,"comment_status":"open","ping_status":"closed","template":"","meta":{"om_disable_all_campaigns":false},"etheme_brands":[],"product_brand":[],"product_cat":[593,595,592],"product_tag":[],"class_list":{"0":"post-6446","1":"product","2":"type-product","3":"status-publish","4":"has-post-thumbnail","6":"product_cat-instruments-de-musique","7":"product_cat-saxophones","8":"product_cat-sports-et-loisirs","10":"first","11":"outofstock","12":"shipping-taxable","13":"purchasable","14":"product-type-simple"},"pure_taxonomies":{"product_cat":[{"term_id":593,"name":"Instruments de musique","slug":"instruments-de-musique","term_group":0,"term_taxonomy_id":593,"taxonomy":"product_cat","description":"","parent":0,"count":0,"filter":"raw","image":""},{"term_id":595,"name":"Saxophones","slug":"saxophones","term_group":0,"term_taxonomy_id":595,"taxonomy":"product_cat","description":"","parent":0,"count":0,"filter":"raw","image":""},{"term_id":592,"name":"Sports et loisirs","slug":"sports-et-loisirs","term_group":0,"term_taxonomy_id":592,"taxonomy":"product_cat","description":"","parent":0,"count":5,"filter":"raw","image":""}]},"_links":{"self":[{"href":"https:\/\/accrashop.com\/fr\/wp-json\/wp\/v2\/product\/6446","targetHints":{"allow":["GET"]}}],"collection":[{"href":"https:\/\/accrashop.com\/fr\/wp-json\/wp\/v2\/product"}],"about":[{"href":"https:\/\/accrashop.com\/fr\/wp-json\/wp\/v2\/types\/product"}],"replies":[{"embeddable":true,"href":"https:\/\/accrashop.com\/fr\/wp-json\/wp\/v2\/comments?post=6446"}],"version-history":[{"count":1,"href":"https:\/\/accrashop.com\/fr\/wp-json\/wp\/v2\/product\/6446\/revisions"}],"predecessor-version":[{"id":6450,"href":"https:\/\/accrashop.com\/fr\/wp-json\/wp\/v2\/product\/6446\/revisions\/6450"}],"wp:featuredmedia":[{"embeddable":true,"href":"https:\/\/accrashop.com\/fr\/wp-json\/wp\/v2\/media\/145"}],"wp:attachment":[{"href":"https:\/\/accrashop.com\/fr\/wp-json\/wp\/v2\/media?parent=6446"}],"wp:term":[{"taxonomy":"brand","embeddable":true,"href":"https:\/\/accrashop.com\/fr\/wp-json\/wp\/v2\/etheme_brands?post=6446"},{"taxonomy":"product_brand","embeddable":true,"href":"https:\/\/accrashop.com\/fr\/wp-json\/wp\/v2\/product_brand?post=6446"},{"taxonomy":"product_cat","embeddable":true,"href":"https:\/\/accrashop.com\/fr\/wp-json\/wp\/v2\/product_cat?post=6446"},{"taxonomy":"product_tag","embeddable":true,"href":"https:\/\/accrashop.com\/fr\/wp-json\/wp\/v2\/product_tag?post=6446"}],"curies":[{"name":"wp","href":"https:\/\/api.w.org\/{rel}","templated":true}]}}