{"id":6432,"date":"2025-09-07T10:48:45","date_gmt":"2025-09-07T10:48:45","guid":{"rendered":"https:\/\/accrashop.com\/product\/fauteuil-de-barbier-reglable\/"},"modified":"2025-09-20T12:22:20","modified_gmt":"2025-09-20T12:22:20","slug":"fauteuil-de-barbier-reglable","status":"publish","type":"product","link":"https:\/\/accrashop.com\/fr\/produit\/fauteuil-de-barbier-reglable\/","title":{"rendered":"Fauteuil de barbier r\u00e9glable"},"content":{"rendered":"<p>La description du produit n&rsquo;est pas disponible.<\/p>\n","protected":false},"excerpt":{"rendered":"<p>Il s&rsquo;agit d&rsquo;un \u00e9chantillon de produit \u00e0 des fins de pr\u00e9sentation uniquement.<br \/>\nNon achetable.<\/p>\n","protected":false},"featured_media":155,"comment_status":"open","ping_status":"closed","template":"","meta":{"om_disable_all_campaigns":false},"etheme_brands":[],"product_brand":[],"product_cat":[586,570,585],"product_tag":[],"class_list":{"0":"post-6432","1":"product","2":"type-product","3":"status-publish","4":"has-post-thumbnail","6":"product_cat-chaises-de-barbier","7":"product_cat-equipement-commercial-et-industriels","8":"product_cat-materiel-de-coiffure-et-de-salon","10":"first","11":"outofstock","12":"shipping-taxable","13":"purchasable","14":"product-type-simple"},"pure_taxonomies":{"product_cat":[{"term_id":586,"name":"Chaises de barbier","slug":"chaises-de-barbier","term_group":0,"term_taxonomy_id":586,"taxonomy":"product_cat","description":"","parent":0,"count":0,"filter":"raw","image":""},{"term_id":570,"name":"\u00c9quipement commerciaux et industriels","slug":"equipement-commercial-et-industriels","term_group":0,"term_taxonomy_id":570,"taxonomy":"product_cat","description":"","parent":0,"count":0,"filter":"raw","image":""},{"term_id":585,"name":"Mat\u00e9riels de Coiffure et de Salon","slug":"materiel-de-coiffure-et-de-salon","term_group":0,"term_taxonomy_id":585,"taxonomy":"product_cat","description":"","parent":0,"count":0,"filter":"raw","image":""}]},"_links":{"self":[{"href":"https:\/\/accrashop.com\/fr\/wp-json\/wp\/v2\/product\/6432","targetHints":{"allow":["GET"]}}],"collection":[{"href":"https:\/\/accrashop.com\/fr\/wp-json\/wp\/v2\/product"}],"about":[{"href":"https:\/\/accrashop.com\/fr\/wp-json\/wp\/v2\/types\/product"}],"replies":[{"embeddable":true,"href":"https:\/\/accrashop.com\/fr\/wp-json\/wp\/v2\/comments?post=6432"}],"version-history":[{"count":1,"href":"https:\/\/accrashop.com\/fr\/wp-json\/wp\/v2\/product\/6432\/revisions"}],"predecessor-version":[{"id":6435,"href":"https:\/\/accrashop.com\/fr\/wp-json\/wp\/v2\/product\/6432\/revisions\/6435"}],"wp:featuredmedia":[{"embeddable":true,"href":"https:\/\/accrashop.com\/fr\/wp-json\/wp\/v2\/media\/155"}],"wp:attachment":[{"href":"https:\/\/accrashop.com\/fr\/wp-json\/wp\/v2\/media?parent=6432"}],"wp:term":[{"taxonomy":"brand","embeddable":true,"href":"https:\/\/accrashop.com\/fr\/wp-json\/wp\/v2\/etheme_brands?post=6432"},{"taxonomy":"product_brand","embeddable":true,"href":"https:\/\/accrashop.com\/fr\/wp-json\/wp\/v2\/product_brand?post=6432"},{"taxonomy":"product_cat","embeddable":true,"href":"https:\/\/accrashop.com\/fr\/wp-json\/wp\/v2\/product_cat?post=6432"},{"taxonomy":"product_tag","embeddable":true,"href":"https:\/\/accrashop.com\/fr\/wp-json\/wp\/v2\/product_tag?post=6432"}],"curies":[{"name":"wp","href":"https:\/\/api.w.org\/{rel}","templated":true}]}}