{"id":6398,"date":"2025-09-09T18:45:23","date_gmt":"2025-09-09T18:45:23","guid":{"rendered":"https:\/\/accrashop.com\/product\/casque-sans-fil-sony-wh-1000-xm5\/"},"modified":"2025-09-20T12:22:06","modified_gmt":"2025-09-20T12:22:06","slug":"casque-sans-fil-sony-wh-1000-xm5","status":"publish","type":"product","link":"https:\/\/accrashop.com\/fr\/produit\/casque-sans-fil-sony-wh-1000-xm5\/","title":{"rendered":"Casque sans fil Sony WH 1000-XM5"},"content":{"rendered":"<p>La description de ce produit n&rsquo;est pas disponible.<\/p>\n","protected":false},"excerpt":{"rendered":"<p>Il s&rsquo;agit d&rsquo;un \u00e9chantillon de produit \u00e0 des fins de pr\u00e9sentation uniquement.<br \/>\nNon achetable.<\/p>\n","protected":false},"featured_media":186,"comment_status":"open","ping_status":"closed","template":"","meta":{"om_disable_all_campaigns":false},"etheme_brands":[],"product_brand":[],"product_cat":[564],"product_tag":[],"class_list":{"0":"post-6398","1":"product","2":"type-product","3":"status-publish","4":"has-post-thumbnail","6":"product_cat-casques-decoute","8":"first","9":"outofstock","10":"shipping-taxable","11":"purchasable","12":"product-type-simple"},"pure_taxonomies":{"product_cat":[{"term_id":564,"name":"Casques d'\u00e9coute","slug":"casques-decoute","term_group":0,"term_taxonomy_id":564,"taxonomy":"product_cat","description":"","parent":0,"count":0,"filter":"raw","image":""}]},"_links":{"self":[{"href":"https:\/\/accrashop.com\/fr\/wp-json\/wp\/v2\/product\/6398","targetHints":{"allow":["GET"]}}],"collection":[{"href":"https:\/\/accrashop.com\/fr\/wp-json\/wp\/v2\/product"}],"about":[{"href":"https:\/\/accrashop.com\/fr\/wp-json\/wp\/v2\/types\/product"}],"replies":[{"embeddable":true,"href":"https:\/\/accrashop.com\/fr\/wp-json\/wp\/v2\/comments?post=6398"}],"version-history":[{"count":1,"href":"https:\/\/accrashop.com\/fr\/wp-json\/wp\/v2\/product\/6398\/revisions"}],"predecessor-version":[{"id":6400,"href":"https:\/\/accrashop.com\/fr\/wp-json\/wp\/v2\/product\/6398\/revisions\/6400"}],"wp:featuredmedia":[{"embeddable":true,"href":"https:\/\/accrashop.com\/fr\/wp-json\/wp\/v2\/media\/186"}],"wp:attachment":[{"href":"https:\/\/accrashop.com\/fr\/wp-json\/wp\/v2\/media?parent=6398"}],"wp:term":[{"taxonomy":"brand","embeddable":true,"href":"https:\/\/accrashop.com\/fr\/wp-json\/wp\/v2\/etheme_brands?post=6398"},{"taxonomy":"product_brand","embeddable":true,"href":"https:\/\/accrashop.com\/fr\/wp-json\/wp\/v2\/product_brand?post=6398"},{"taxonomy":"product_cat","embeddable":true,"href":"https:\/\/accrashop.com\/fr\/wp-json\/wp\/v2\/product_cat?post=6398"},{"taxonomy":"product_tag","embeddable":true,"href":"https:\/\/accrashop.com\/fr\/wp-json\/wp\/v2\/product_tag?post=6398"}],"curies":[{"name":"wp","href":"https:\/\/api.w.org\/{rel}","templated":true}]}}