{"id":6374,"date":"2025-09-09T19:01:46","date_gmt":"2025-09-09T19:01:46","guid":{"rendered":"https:\/\/accrashop.com\/product\/dji-mini-4-pro-more-combo-4k-drone\/"},"modified":"2025-09-20T12:21:55","modified_gmt":"2025-09-20T12:21:55","slug":"dji-mini-4-pro-more-combo-4k-drone","status":"publish","type":"product","link":"https:\/\/accrashop.com\/fr\/produit\/dji-mini-4-pro-more-combo-4k-drone\/","title":{"rendered":"DJI Mini 4 Pro More Combo 4k Drone"},"content":{"rendered":"<p>La description de ce produit n&rsquo;est pas disponible.<\/p>\n","protected":false},"excerpt":{"rendered":"<p>Il s&rsquo;agit d&rsquo;un \u00e9chantillon de produit \u00e0 des fins de pr\u00e9sentation uniquement.<br \/>\nNon achetable.<\/p>\n","protected":false},"featured_media":193,"comment_status":"open","ping_status":"closed","template":"","meta":{"om_disable_all_campaigns":false},"etheme_brands":[],"product_brand":[],"product_cat":[556],"product_tag":[],"class_list":{"0":"post-6374","1":"product","2":"type-product","3":"status-publish","4":"has-post-thumbnail","6":"product_cat-drones","8":"first","9":"outofstock","10":"shipping-taxable","11":"purchasable","12":"product-type-simple"},"pure_taxonomies":{"product_cat":[{"term_id":556,"name":"Drones","slug":"drones","term_group":0,"term_taxonomy_id":556,"taxonomy":"product_cat","description":"","parent":0,"count":0,"filter":"raw","image":""}]},"_links":{"self":[{"href":"https:\/\/accrashop.com\/fr\/wp-json\/wp\/v2\/product\/6374","targetHints":{"allow":["GET"]}}],"collection":[{"href":"https:\/\/accrashop.com\/fr\/wp-json\/wp\/v2\/product"}],"about":[{"href":"https:\/\/accrashop.com\/fr\/wp-json\/wp\/v2\/types\/product"}],"replies":[{"embeddable":true,"href":"https:\/\/accrashop.com\/fr\/wp-json\/wp\/v2\/comments?post=6374"}],"version-history":[{"count":1,"href":"https:\/\/accrashop.com\/fr\/wp-json\/wp\/v2\/product\/6374\/revisions"}],"predecessor-version":[{"id":6376,"href":"https:\/\/accrashop.com\/fr\/wp-json\/wp\/v2\/product\/6374\/revisions\/6376"}],"wp:featuredmedia":[{"embeddable":true,"href":"https:\/\/accrashop.com\/fr\/wp-json\/wp\/v2\/media\/193"}],"wp:attachment":[{"href":"https:\/\/accrashop.com\/fr\/wp-json\/wp\/v2\/media?parent=6374"}],"wp:term":[{"taxonomy":"brand","embeddable":true,"href":"https:\/\/accrashop.com\/fr\/wp-json\/wp\/v2\/etheme_brands?post=6374"},{"taxonomy":"product_brand","embeddable":true,"href":"https:\/\/accrashop.com\/fr\/wp-json\/wp\/v2\/product_brand?post=6374"},{"taxonomy":"product_cat","embeddable":true,"href":"https:\/\/accrashop.com\/fr\/wp-json\/wp\/v2\/product_cat?post=6374"},{"taxonomy":"product_tag","embeddable":true,"href":"https:\/\/accrashop.com\/fr\/wp-json\/wp\/v2\/product_tag?post=6374"}],"curies":[{"name":"wp","href":"https:\/\/api.w.org\/{rel}","templated":true}]}}