{"id":6318,"date":"2025-09-09T21:05:23","date_gmt":"2025-09-09T21:05:23","guid":{"rendered":"https:\/\/accrashop.com\/product\/calecon-classique-calvin-klein-pour-hommes\/"},"modified":"2025-09-20T12:21:44","modified_gmt":"2025-09-20T12:21:44","slug":"calecon-classique-calvin-klein-pour-hommes","status":"publish","type":"product","link":"https:\/\/accrashop.com\/fr\/produit\/calecon-classique-calvin-klein-pour-hommes\/","title":{"rendered":"Cale\u00e7on classique Calvin Klein pour hommes"},"content":{"rendered":"<p>La description de ce produit n&rsquo;est pas disponible.<\/p>\n","protected":false},"excerpt":{"rendered":"<p>Il s&rsquo;agit d&rsquo;un \u00e9chantillon de produit \u00e0 des fins de pr\u00e9sentation uniquement.<br \/>\nNon achetable.<\/p>\n","protected":false},"featured_media":236,"comment_status":"open","ping_status":"closed","template":"","meta":{"om_disable_all_campaigns":false},"etheme_brands":[],"product_brand":[],"product_cat":[483,488,531,530],"product_tag":[],"class_list":{"0":"post-6318","1":"product","2":"type-product","3":"status-publish","4":"has-post-thumbnail","6":"product_cat-la-mode","7":"product_cat-mode-pour-hommes","8":"product_cat-sous-vetements","9":"product_cat-vetements","11":"first","12":"outofstock","13":"shipping-taxable","14":"purchasable","15":"product-type-variable"},"pure_taxonomies":{"product_cat":[{"term_id":483,"name":"La mode","slug":"la-mode","term_group":0,"term_taxonomy_id":483,"taxonomy":"product_cat","description":"[block id=\"2801\"]","parent":0,"count":22,"filter":"raw","image":""},{"term_id":488,"name":"Mode pour hommes","slug":"mode-pour-hommes","term_group":0,"term_taxonomy_id":488,"taxonomy":"product_cat","description":"","parent":0,"count":19,"filter":"raw","image":""},{"term_id":531,"name":"Sous-v\u00eatements","slug":"sous-vetements","term_group":0,"term_taxonomy_id":531,"taxonomy":"product_cat","description":"","parent":0,"count":0,"filter":"raw","image":""},{"term_id":530,"name":"V\u00eatements","slug":"vetements","term_group":0,"term_taxonomy_id":530,"taxonomy":"product_cat","description":"","parent":0,"count":11,"filter":"raw","image":""}]},"_links":{"self":[{"href":"https:\/\/accrashop.com\/fr\/wp-json\/wp\/v2\/product\/6318","targetHints":{"allow":["GET"]}}],"collection":[{"href":"https:\/\/accrashop.com\/fr\/wp-json\/wp\/v2\/product"}],"about":[{"href":"https:\/\/accrashop.com\/fr\/wp-json\/wp\/v2\/types\/product"}],"replies":[{"embeddable":true,"href":"https:\/\/accrashop.com\/fr\/wp-json\/wp\/v2\/comments?post=6318"}],"version-history":[{"count":1,"href":"https:\/\/accrashop.com\/fr\/wp-json\/wp\/v2\/product\/6318\/revisions"}],"predecessor-version":[{"id":6323,"href":"https:\/\/accrashop.com\/fr\/wp-json\/wp\/v2\/product\/6318\/revisions\/6323"}],"wp:featuredmedia":[{"embeddable":true,"href":"https:\/\/accrashop.com\/fr\/wp-json\/wp\/v2\/media\/236"}],"wp:attachment":[{"href":"https:\/\/accrashop.com\/fr\/wp-json\/wp\/v2\/media?parent=6318"}],"wp:term":[{"taxonomy":"brand","embeddable":true,"href":"https:\/\/accrashop.com\/fr\/wp-json\/wp\/v2\/etheme_brands?post=6318"},{"taxonomy":"product_brand","embeddable":true,"href":"https:\/\/accrashop.com\/fr\/wp-json\/wp\/v2\/product_brand?post=6318"},{"taxonomy":"product_cat","embeddable":true,"href":"https:\/\/accrashop.com\/fr\/wp-json\/wp\/v2\/product_cat?post=6318"},{"taxonomy":"product_tag","embeddable":true,"href":"https:\/\/accrashop.com\/fr\/wp-json\/wp\/v2\/product_tag?post=6318"}],"curies":[{"name":"wp","href":"https:\/\/api.w.org\/{rel}","templated":true}]}}