{"id":6998,"date":"2025-09-09T20:01:18","date_gmt":"2025-09-09T20:01:18","guid":{"rendered":"https:\/\/accrashop.com\/product\/mando-inalambrico-xbox-robot-blanco\/"},"modified":"2025-09-20T12:25:12","modified_gmt":"2025-09-20T12:25:12","slug":"mando-inalambrico-xbox-robot-blanco","status":"publish","type":"product","link":"https:\/\/accrashop.com\/es\/producto\/mando-inalambrico-xbox-robot-blanco\/","title":{"rendered":"Mando inal\u00e1mbrico Xbox &#8211; Robot blanco"},"content":{"rendered":"<p>La descripci\u00f3n de este producto no est\u00e1 disponible.<\/p>\n","protected":false},"excerpt":{"rendered":"<p>Se trata de un producto de muestra s\u00f3lo para fines de exposici\u00f3n.<br \/>\nNo se puede comprar.<\/p>\n","protected":false},"featured_media":195,"comment_status":"open","ping_status":"closed","template":"","meta":{"om_disable_all_campaigns":false},"etheme_brands":[],"product_brand":[],"product_cat":[743],"product_tag":[],"class_list":{"0":"post-6998","1":"product","2":"type-product","3":"status-publish","4":"has-post-thumbnail","6":"product_cat-videos-juegos-y-videos-juegos-consolas","8":"first","9":"outofstock","10":"shipping-taxable","11":"purchasable","12":"product-type-simple"},"pure_taxonomies":{"product_cat":[{"term_id":743,"name":"V\u00eddeos Juegos y V\u00eddeos Juegos Consolas","slug":"videos-juegos-y-videos-juegos-consolas","term_group":0,"term_taxonomy_id":743,"taxonomy":"product_cat","description":"","parent":0,"count":0,"filter":"raw","image":""}]},"_links":{"self":[{"href":"https:\/\/accrashop.com\/es\/wp-json\/wp\/v2\/product\/6998","targetHints":{"allow":["GET"]}}],"collection":[{"href":"https:\/\/accrashop.com\/es\/wp-json\/wp\/v2\/product"}],"about":[{"href":"https:\/\/accrashop.com\/es\/wp-json\/wp\/v2\/types\/product"}],"replies":[{"embeddable":true,"href":"https:\/\/accrashop.com\/es\/wp-json\/wp\/v2\/comments?post=6998"}],"version-history":[{"count":1,"href":"https:\/\/accrashop.com\/es\/wp-json\/wp\/v2\/product\/6998\/revisions"}],"predecessor-version":[{"id":7002,"href":"https:\/\/accrashop.com\/es\/wp-json\/wp\/v2\/product\/6998\/revisions\/7002"}],"wp:featuredmedia":[{"embeddable":true,"href":"https:\/\/accrashop.com\/es\/wp-json\/wp\/v2\/media\/195"}],"wp:attachment":[{"href":"https:\/\/accrashop.com\/es\/wp-json\/wp\/v2\/media?parent=6998"}],"wp:term":[{"taxonomy":"brand","embeddable":true,"href":"https:\/\/accrashop.com\/es\/wp-json\/wp\/v2\/etheme_brands?post=6998"},{"taxonomy":"product_brand","embeddable":true,"href":"https:\/\/accrashop.com\/es\/wp-json\/wp\/v2\/product_brand?post=6998"},{"taxonomy":"product_cat","embeddable":true,"href":"https:\/\/accrashop.com\/es\/wp-json\/wp\/v2\/product_cat?post=6998"},{"taxonomy":"product_tag","embeddable":true,"href":"https:\/\/accrashop.com\/es\/wp-json\/wp\/v2\/product_tag?post=6998"}],"curies":[{"name":"wp","href":"https:\/\/api.w.org\/{rel}","templated":true}]}}