{"id":6901,"date":"2025-09-09T20:39:22","date_gmt":"2025-09-09T20:39:22","guid":{"rendered":"https:\/\/accrashop.com\/product\/pantalones-utilitarios-sinteticos-para-hombre\/"},"modified":"2025-09-20T12:24:41","modified_gmt":"2025-09-20T12:24:41","slug":"pantalones-utilitarios-sinteticos-para-hombre","status":"publish","type":"product","link":"https:\/\/accrashop.com\/es\/producto\/pantalones-utilitarios-sinteticos-para-hombre\/","title":{"rendered":"Pantalones utilitarios sint\u00e9ticos para hombre"},"content":{"rendered":"<p>La descripci\u00f3n de este producto no est\u00e1 disponible.<\/p>\n","protected":false},"excerpt":{"rendered":"<p>Se trata de un producto de muestra s\u00f3lo para fines de exposici\u00f3n.<br \/>\nNo se puede comprar.<\/p>\n","protected":false},"featured_media":6902,"comment_status":"open","ping_status":"closed","template":"","meta":{"om_disable_all_campaigns":false},"etheme_brands":[],"product_brand":[],"product_cat":[463,471,715,527],"product_tag":[],"class_list":{"0":"post-6901","1":"product","2":"type-product","3":"status-publish","4":"has-post-thumbnail","6":"product_cat-moda","7":"product_cat-moda-hombre","8":"product_cat-pantalones","9":"product_cat-ropa","11":"first","12":"outofstock","13":"shipping-taxable","14":"purchasable","15":"product-type-variable"},"pure_taxonomies":{"product_cat":[{"term_id":463,"name":"Moda","slug":"moda","term_group":0,"term_taxonomy_id":463,"taxonomy":"product_cat","description":"[block id=\"2801\"]","parent":0,"count":22,"filter":"raw","image":""},{"term_id":471,"name":"Moda hombre","slug":"moda-hombre","term_group":0,"term_taxonomy_id":471,"taxonomy":"product_cat","description":"","parent":0,"count":19,"filter":"raw","image":""},{"term_id":715,"name":"Pantalones","slug":"pantalones","term_group":0,"term_taxonomy_id":715,"taxonomy":"product_cat","description":"","parent":0,"count":1,"filter":"raw","image":""},{"term_id":527,"name":"Ropa","slug":"ropa","term_group":0,"term_taxonomy_id":527,"taxonomy":"product_cat","description":"","parent":0,"count":11,"filter":"raw","image":""}]},"_links":{"self":[{"href":"https:\/\/accrashop.com\/es\/wp-json\/wp\/v2\/product\/6901","targetHints":{"allow":["GET"]}}],"collection":[{"href":"https:\/\/accrashop.com\/es\/wp-json\/wp\/v2\/product"}],"about":[{"href":"https:\/\/accrashop.com\/es\/wp-json\/wp\/v2\/types\/product"}],"replies":[{"embeddable":true,"href":"https:\/\/accrashop.com\/es\/wp-json\/wp\/v2\/comments?post=6901"}],"version-history":[{"count":1,"href":"https:\/\/accrashop.com\/es\/wp-json\/wp\/v2\/product\/6901\/revisions"}],"predecessor-version":[{"id":6903,"href":"https:\/\/accrashop.com\/es\/wp-json\/wp\/v2\/product\/6901\/revisions\/6903"}],"wp:featuredmedia":[{"embeddable":true,"href":"https:\/\/accrashop.com\/es\/wp-json\/wp\/v2\/media\/6902"}],"wp:attachment":[{"href":"https:\/\/accrashop.com\/es\/wp-json\/wp\/v2\/media?parent=6901"}],"wp:term":[{"taxonomy":"brand","embeddable":true,"href":"https:\/\/accrashop.com\/es\/wp-json\/wp\/v2\/etheme_brands?post=6901"},{"taxonomy":"product_brand","embeddable":true,"href":"https:\/\/accrashop.com\/es\/wp-json\/wp\/v2\/product_brand?post=6901"},{"taxonomy":"product_cat","embeddable":true,"href":"https:\/\/accrashop.com\/es\/wp-json\/wp\/v2\/product_cat?post=6901"},{"taxonomy":"product_tag","embeddable":true,"href":"https:\/\/accrashop.com\/es\/wp-json\/wp\/v2\/product_tag?post=6901"}],"curies":[{"name":"wp","href":"https:\/\/api.w.org\/{rel}","templated":true}]}}