{"id":6814,"date":"2025-09-09T18:50:15","date_gmt":"2025-09-09T18:50:15","guid":{"rendered":"https:\/\/accrashop.com\/product\/epson-l14150-a3-impresora-con-deposito-de-tinta\/"},"modified":"2025-09-20T12:24:12","modified_gmt":"2025-09-20T12:24:12","slug":"epson-l14150-a3-impresora-con-deposito-de-tinta","status":"publish","type":"product","link":"https:\/\/accrashop.com\/es\/producto\/epson-l14150-a3-impresora-con-deposito-de-tinta\/","title":{"rendered":"Epson L14150 A3+ Impresora con dep\u00f3sito de tinta"},"content":{"rendered":"<p>La descripci\u00f3n de este producto no est\u00e1 disponible.<\/p>\n","protected":false},"excerpt":{"rendered":"<p>Se trata de un producto de muestra s\u00f3lo para fines de exposici\u00f3n.<br \/>\nNo se puede comprar.<\/p>\n","protected":false},"featured_media":188,"comment_status":"open","ping_status":"closed","template":"","meta":{"om_disable_all_campaigns":false},"etheme_brands":[],"product_brand":[],"product_cat":[688],"product_tag":[],"class_list":{"0":"post-6814","1":"product","2":"type-product","3":"status-publish","4":"has-post-thumbnail","6":"product_cat-impresoras-y-escaneres","8":"first","9":"outofstock","10":"shipping-taxable","11":"purchasable","12":"product-type-simple"},"pure_taxonomies":{"product_cat":[{"term_id":688,"name":"Impresoras y esc\u00e1neres","slug":"impresoras-y-escaneres","term_group":0,"term_taxonomy_id":688,"taxonomy":"product_cat","description":"","parent":0,"count":0,"filter":"raw","image":""}]},"_links":{"self":[{"href":"https:\/\/accrashop.com\/es\/wp-json\/wp\/v2\/product\/6814","targetHints":{"allow":["GET"]}}],"collection":[{"href":"https:\/\/accrashop.com\/es\/wp-json\/wp\/v2\/product"}],"about":[{"href":"https:\/\/accrashop.com\/es\/wp-json\/wp\/v2\/types\/product"}],"replies":[{"embeddable":true,"href":"https:\/\/accrashop.com\/es\/wp-json\/wp\/v2\/comments?post=6814"}],"version-history":[{"count":1,"href":"https:\/\/accrashop.com\/es\/wp-json\/wp\/v2\/product\/6814\/revisions"}],"predecessor-version":[{"id":6816,"href":"https:\/\/accrashop.com\/es\/wp-json\/wp\/v2\/product\/6814\/revisions\/6816"}],"wp:featuredmedia":[{"embeddable":true,"href":"https:\/\/accrashop.com\/es\/wp-json\/wp\/v2\/media\/188"}],"wp:attachment":[{"href":"https:\/\/accrashop.com\/es\/wp-json\/wp\/v2\/media?parent=6814"}],"wp:term":[{"taxonomy":"brand","embeddable":true,"href":"https:\/\/accrashop.com\/es\/wp-json\/wp\/v2\/etheme_brands?post=6814"},{"taxonomy":"product_brand","embeddable":true,"href":"https:\/\/accrashop.com\/es\/wp-json\/wp\/v2\/product_brand?post=6814"},{"taxonomy":"product_cat","embeddable":true,"href":"https:\/\/accrashop.com\/es\/wp-json\/wp\/v2\/product_cat?post=6814"},{"taxonomy":"product_tag","embeddable":true,"href":"https:\/\/accrashop.com\/es\/wp-json\/wp\/v2\/product_tag?post=6814"}],"curies":[{"name":"wp","href":"https:\/\/api.w.org\/{rel}","templated":true}]}}