{"id":6766,"date":"2025-09-07T09:33:03","date_gmt":"2025-09-07T09:33:03","guid":{"rendered":"https:\/\/accrashop.com\/product\/taza-automatica-para-pollos\/"},"modified":"2025-09-20T12:23:53","modified_gmt":"2025-09-20T12:23:53","slug":"taza-automatica-para-pollos","status":"publish","type":"product","link":"https:\/\/accrashop.com\/es\/producto\/taza-automatica-para-pollos\/","title":{"rendered":"Taza autom\u00e1tica para pollos"},"content":{"rendered":"<p>La descripci\u00f3n del producto no est\u00e1 disponible.<\/p>\n","protected":false},"excerpt":{"rendered":"<p>Se trata de un producto de muestra s\u00f3lo para fines de exposici\u00f3n.<br \/>\nNo se puede comprar.<\/p>\n","protected":false},"featured_media":6767,"comment_status":"open","ping_status":"closed","template":"","meta":{"om_disable_all_campaigns":false},"etheme_brands":[],"product_brand":[],"product_cat":[611,671,612],"product_tag":[],"class_list":{"0":"post-6766","1":"product","2":"type-product","3":"status-publish","4":"has-post-thumbnail","6":"product_cat-agricultura-y-ganaderia","7":"product_cat-sistema-de-apertura-automatica","8":"product_cat-maquinaria-agricola-y-ganadera","10":"first","11":"outofstock","12":"shipping-taxable","13":"purchasable","14":"product-type-simple"},"pure_taxonomies":{"product_cat":[{"term_id":611,"name":"Agricultura y ganader\u00eda","slug":"agricultura-y-ganaderia","term_group":0,"term_taxonomy_id":611,"taxonomy":"product_cat","description":"","parent":0,"count":6,"filter":"raw","image":""},{"term_id":671,"name":"Sistema de apertura autom\u00e1tica","slug":"sistema-de-apertura-automatica","term_group":0,"term_taxonomy_id":671,"taxonomy":"product_cat","description":"","parent":0,"count":1,"filter":"raw","image":""},{"term_id":612,"name":"Maquinaria agr\u00edcola y ganadera","slug":"maquinaria-agricola-y-ganadera","term_group":0,"term_taxonomy_id":612,"taxonomy":"product_cat","description":"","parent":0,"count":4,"filter":"raw","image":""}]},"_links":{"self":[{"href":"https:\/\/accrashop.com\/es\/wp-json\/wp\/v2\/product\/6766","targetHints":{"allow":["GET"]}}],"collection":[{"href":"https:\/\/accrashop.com\/es\/wp-json\/wp\/v2\/product"}],"about":[{"href":"https:\/\/accrashop.com\/es\/wp-json\/wp\/v2\/types\/product"}],"replies":[{"embeddable":true,"href":"https:\/\/accrashop.com\/es\/wp-json\/wp\/v2\/comments?post=6766"}],"version-history":[{"count":1,"href":"https:\/\/accrashop.com\/es\/wp-json\/wp\/v2\/product\/6766\/revisions"}],"predecessor-version":[{"id":6768,"href":"https:\/\/accrashop.com\/es\/wp-json\/wp\/v2\/product\/6766\/revisions\/6768"}],"wp:featuredmedia":[{"embeddable":true,"href":"https:\/\/accrashop.com\/es\/wp-json\/wp\/v2\/media\/6767"}],"wp:attachment":[{"href":"https:\/\/accrashop.com\/es\/wp-json\/wp\/v2\/media?parent=6766"}],"wp:term":[{"taxonomy":"brand","embeddable":true,"href":"https:\/\/accrashop.com\/es\/wp-json\/wp\/v2\/etheme_brands?post=6766"},{"taxonomy":"product_brand","embeddable":true,"href":"https:\/\/accrashop.com\/es\/wp-json\/wp\/v2\/product_brand?post=6766"},{"taxonomy":"product_cat","embeddable":true,"href":"https:\/\/accrashop.com\/es\/wp-json\/wp\/v2\/product_cat?post=6766"},{"taxonomy":"product_tag","embeddable":true,"href":"https:\/\/accrashop.com\/es\/wp-json\/wp\/v2\/product_tag?post=6766"}],"curies":[{"name":"wp","href":"https:\/\/api.w.org\/{rel}","templated":true}]}}