{"id":6598,"date":"2025-09-07T09:08:44","date_gmt":"2025-09-07T09:08:44","guid":{"rendered":"https:\/\/accrashop.com\/product\/glicinato-de-magnesio-120-capsulas\/"},"modified":"2025-09-20T12:23:19","modified_gmt":"2025-09-20T12:23:19","slug":"glicinato-de-magnesio-120-capsulas","status":"publish","type":"product","link":"https:\/\/accrashop.com\/es\/producto\/glicinato-de-magnesio-120-capsulas\/","title":{"rendered":"Glicinato de magnesio, 120 c\u00e1psulas"},"content":{"rendered":"<p>La descripci\u00f3n del producto no est\u00e1 disponible.<\/p>\n","protected":false},"excerpt":{"rendered":"<p>Se trata de un producto de muestra s\u00f3lo para fines de exposici\u00f3n.<br \/>\nNo se puede comprar.<\/p>\n","protected":false},"featured_media":6600,"comment_status":"open","ping_status":"closed","template":"","meta":{"om_disable_all_campaigns":false},"etheme_brands":[],"product_brand":[],"product_cat":[611,651],"product_tag":[],"class_list":{"0":"post-6598","1":"product","2":"type-product","3":"status-publish","4":"has-post-thumbnail","6":"product_cat-agricultura-y-ganaderia","7":"product_cat-productos-agricolas-y-ganaderos","9":"first","10":"outofstock","11":"shipping-taxable","12":"purchasable","13":"product-type-simple"},"pure_taxonomies":{"product_cat":[{"term_id":611,"name":"Agricultura y ganader\u00eda","slug":"agricultura-y-ganaderia","term_group":0,"term_taxonomy_id":611,"taxonomy":"product_cat","description":"","parent":0,"count":6,"filter":"raw","image":""},{"term_id":651,"name":"Productos agr\u00edcolas y ganaderos","slug":"productos-agricolas-y-ganaderos","term_group":0,"term_taxonomy_id":651,"taxonomy":"product_cat","description":"","parent":0,"count":2,"filter":"raw","image":""}]},"_links":{"self":[{"href":"https:\/\/accrashop.com\/es\/wp-json\/wp\/v2\/product\/6598","targetHints":{"allow":["GET"]}}],"collection":[{"href":"https:\/\/accrashop.com\/es\/wp-json\/wp\/v2\/product"}],"about":[{"href":"https:\/\/accrashop.com\/es\/wp-json\/wp\/v2\/types\/product"}],"replies":[{"embeddable":true,"href":"https:\/\/accrashop.com\/es\/wp-json\/wp\/v2\/comments?post=6598"}],"version-history":[{"count":1,"href":"https:\/\/accrashop.com\/es\/wp-json\/wp\/v2\/product\/6598\/revisions"}],"predecessor-version":[{"id":6601,"href":"https:\/\/accrashop.com\/es\/wp-json\/wp\/v2\/product\/6598\/revisions\/6601"}],"wp:featuredmedia":[{"embeddable":true,"href":"https:\/\/accrashop.com\/es\/wp-json\/wp\/v2\/media\/6600"}],"wp:attachment":[{"href":"https:\/\/accrashop.com\/es\/wp-json\/wp\/v2\/media?parent=6598"}],"wp:term":[{"taxonomy":"brand","embeddable":true,"href":"https:\/\/accrashop.com\/es\/wp-json\/wp\/v2\/etheme_brands?post=6598"},{"taxonomy":"product_brand","embeddable":true,"href":"https:\/\/accrashop.com\/es\/wp-json\/wp\/v2\/product_brand?post=6598"},{"taxonomy":"product_cat","embeddable":true,"href":"https:\/\/accrashop.com\/es\/wp-json\/wp\/v2\/product_cat?post=6598"},{"taxonomy":"product_tag","embeddable":true,"href":"https:\/\/accrashop.com\/es\/wp-json\/wp\/v2\/product_tag?post=6598"}],"curies":[{"name":"wp","href":"https:\/\/api.w.org\/{rel}","templated":true}]}}