{"id":6447,"date":"2025-09-07T10:17:34","date_gmt":"2025-09-07T10:17:34","guid":{"rendered":"https:\/\/accrashop.com\/product\/saxofon-alto-yas-280-electroforetico\/"},"modified":"2025-09-20T12:22:25","modified_gmt":"2025-09-20T12:22:25","slug":"saxofon-alto-yas-280-electroforetico","status":"publish","type":"product","link":"https:\/\/accrashop.com\/es\/producto\/saxofon-alto-yas-280-electroforetico\/","title":{"rendered":"Saxof\u00f3n alto YAS-280 electrofor\u00e9tico"},"content":{"rendered":"<p>La descripci\u00f3n del producto no est\u00e1 disponible.<\/p>\n","protected":false},"excerpt":{"rendered":"<p>Se trata de un producto de muestra s\u00f3lo para fines de exposici\u00f3n.<br \/>\nNo se puede comprar.<\/p>\n","protected":false},"featured_media":145,"comment_status":"open","ping_status":"closed","template":"","meta":{"om_disable_all_campaigns":false},"etheme_brands":[],"product_brand":[],"product_cat":[596,600,594],"product_tag":[],"class_list":{"0":"post-6447","1":"product","2":"type-product","3":"status-publish","4":"has-post-thumbnail","6":"product_cat-instrumentos-musicales","7":"product_cat-saxofones","8":"product_cat-deportes-y-entretenimiento","10":"first","11":"outofstock","12":"shipping-taxable","13":"purchasable","14":"product-type-simple"},"pure_taxonomies":{"product_cat":[{"term_id":596,"name":"Instrumentos musicales","slug":"instrumentos-musicales","term_group":0,"term_taxonomy_id":596,"taxonomy":"product_cat","description":"","parent":0,"count":0,"filter":"raw","image":""},{"term_id":600,"name":"Saxofones","slug":"saxofones","term_group":0,"term_taxonomy_id":600,"taxonomy":"product_cat","description":"","parent":0,"count":0,"filter":"raw","image":""},{"term_id":594,"name":"Deportes y entretenimiento","slug":"deportes-y-entretenimiento","term_group":0,"term_taxonomy_id":594,"taxonomy":"product_cat","description":"","parent":0,"count":5,"filter":"raw","image":""}]},"_links":{"self":[{"href":"https:\/\/accrashop.com\/es\/wp-json\/wp\/v2\/product\/6447","targetHints":{"allow":["GET"]}}],"collection":[{"href":"https:\/\/accrashop.com\/es\/wp-json\/wp\/v2\/product"}],"about":[{"href":"https:\/\/accrashop.com\/es\/wp-json\/wp\/v2\/types\/product"}],"replies":[{"embeddable":true,"href":"https:\/\/accrashop.com\/es\/wp-json\/wp\/v2\/comments?post=6447"}],"version-history":[{"count":1,"href":"https:\/\/accrashop.com\/es\/wp-json\/wp\/v2\/product\/6447\/revisions"}],"predecessor-version":[{"id":6452,"href":"https:\/\/accrashop.com\/es\/wp-json\/wp\/v2\/product\/6447\/revisions\/6452"}],"wp:featuredmedia":[{"embeddable":true,"href":"https:\/\/accrashop.com\/es\/wp-json\/wp\/v2\/media\/145"}],"wp:attachment":[{"href":"https:\/\/accrashop.com\/es\/wp-json\/wp\/v2\/media?parent=6447"}],"wp:term":[{"taxonomy":"brand","embeddable":true,"href":"https:\/\/accrashop.com\/es\/wp-json\/wp\/v2\/etheme_brands?post=6447"},{"taxonomy":"product_brand","embeddable":true,"href":"https:\/\/accrashop.com\/es\/wp-json\/wp\/v2\/product_brand?post=6447"},{"taxonomy":"product_cat","embeddable":true,"href":"https:\/\/accrashop.com\/es\/wp-json\/wp\/v2\/product_cat?post=6447"},{"taxonomy":"product_tag","embeddable":true,"href":"https:\/\/accrashop.com\/es\/wp-json\/wp\/v2\/product_tag?post=6447"}],"curies":[{"name":"wp","href":"https:\/\/api.w.org\/{rel}","templated":true}]}}