{"id":6428,"date":"2025-09-09T17:45:51","date_gmt":"2025-09-09T17:45:51","guid":{"rendered":"https:\/\/accrashop.com\/product\/maquina-enrolladora-pull-up\/"},"modified":"2025-09-20T12:22:18","modified_gmt":"2025-09-20T12:22:18","slug":"maquina-enrolladora-pull-up","status":"publish","type":"product","link":"https:\/\/accrashop.com\/es\/producto\/maquina-enrolladora-pull-up\/","title":{"rendered":"M\u00e1quina enrolladora Pull Up"},"content":{"rendered":"<p>La descripci\u00f3n de este producto no est\u00e1 disponible.<\/p>\n","protected":false},"excerpt":{"rendered":"<p>Se trata de un producto de muestra s\u00f3lo para fines de exposici\u00f3n.<br \/>\nNo se puede comprar.<\/p>\n","protected":false},"featured_media":171,"comment_status":"open","ping_status":"closed","template":"","meta":{"om_disable_all_campaigns":false},"etheme_brands":[],"product_brand":[],"product_cat":[582,583],"product_tag":[],"class_list":{"0":"post-6428","1":"product","2":"type-product","3":"status-publish","4":"has-post-thumbnail","6":"product_cat-equipamiento-comercial-e-industrial","7":"product_cat-equipos-de-impresion","9":"first","10":"outofstock","11":"shipping-taxable","12":"purchasable","13":"product-type-simple"},"pure_taxonomies":{"product_cat":[{"term_id":582,"name":"Equipamiento comercial e industrial","slug":"equipamiento-comercial-e-industrial","term_group":0,"term_taxonomy_id":582,"taxonomy":"product_cat","description":"","parent":0,"count":0,"filter":"raw","image":""},{"term_id":583,"name":"Equipos de impresi\u00f3n","slug":"equipos-de-impresion","term_group":0,"term_taxonomy_id":583,"taxonomy":"product_cat","description":"","parent":0,"count":0,"filter":"raw","image":""}]},"_links":{"self":[{"href":"https:\/\/accrashop.com\/es\/wp-json\/wp\/v2\/product\/6428","targetHints":{"allow":["GET"]}}],"collection":[{"href":"https:\/\/accrashop.com\/es\/wp-json\/wp\/v2\/product"}],"about":[{"href":"https:\/\/accrashop.com\/es\/wp-json\/wp\/v2\/types\/product"}],"replies":[{"embeddable":true,"href":"https:\/\/accrashop.com\/es\/wp-json\/wp\/v2\/comments?post=6428"}],"version-history":[{"count":1,"href":"https:\/\/accrashop.com\/es\/wp-json\/wp\/v2\/product\/6428\/revisions"}],"predecessor-version":[{"id":6430,"href":"https:\/\/accrashop.com\/es\/wp-json\/wp\/v2\/product\/6428\/revisions\/6430"}],"wp:featuredmedia":[{"embeddable":true,"href":"https:\/\/accrashop.com\/es\/wp-json\/wp\/v2\/media\/171"}],"wp:attachment":[{"href":"https:\/\/accrashop.com\/es\/wp-json\/wp\/v2\/media?parent=6428"}],"wp:term":[{"taxonomy":"brand","embeddable":true,"href":"https:\/\/accrashop.com\/es\/wp-json\/wp\/v2\/etheme_brands?post=6428"},{"taxonomy":"product_brand","embeddable":true,"href":"https:\/\/accrashop.com\/es\/wp-json\/wp\/v2\/product_brand?post=6428"},{"taxonomy":"product_cat","embeddable":true,"href":"https:\/\/accrashop.com\/es\/wp-json\/wp\/v2\/product_cat?post=6428"},{"taxonomy":"product_tag","embeddable":true,"href":"https:\/\/accrashop.com\/es\/wp-json\/wp\/v2\/product_tag?post=6428"}],"curies":[{"name":"wp","href":"https:\/\/api.w.org\/{rel}","templated":true}]}}