{"id":6409,"date":"2025-09-09T17:51:25","date_gmt":"2025-09-09T17:51:25","guid":{"rendered":"https:\/\/accrashop.com\/product\/dell-latitude-5310-portatil-2-en-1\/"},"modified":"2025-09-20T12:22:12","modified_gmt":"2025-09-20T12:22:12","slug":"dell-latitude-5310-portatil-2-en-1","status":"publish","type":"product","link":"https:\/\/accrashop.com\/es\/producto\/dell-latitude-5310-portatil-2-en-1\/","title":{"rendered":"Dell Latitude 5310 &#8211; Port\u00e1til 2 en 1"},"content":{"rendered":"<p>La descripci\u00f3n de este producto no est\u00e1 disponible.<\/p>\n","protected":false},"excerpt":{"rendered":"<p>Se trata de un producto de muestra s\u00f3lo para fines de exposici\u00f3n.<br \/>\nNo se puede comprar.<\/p>\n","protected":false},"featured_media":174,"comment_status":"open","ping_status":"closed","template":"","meta":{"om_disable_all_campaigns":false},"etheme_brands":[],"product_brand":[],"product_cat":[572,573],"product_tag":[],"class_list":{"0":"post-6409","1":"product","2":"type-product","3":"status-publish","4":"has-post-thumbnail","6":"product_cat-ordenadores-y-portatiles","7":"product_cat-ordenadores-y-portatiles-maquinas","9":"first","10":"outofstock","11":"shipping-taxable","12":"purchasable","13":"product-type-simple"},"pure_taxonomies":{"product_cat":[{"term_id":572,"name":"Ordenadores y port\u00e1tiles","slug":"ordenadores-y-portatiles","term_group":0,"term_taxonomy_id":572,"taxonomy":"product_cat","description":"","parent":0,"count":0,"filter":"raw","image":""},{"term_id":573,"name":"Ordenadores y Port\u00e1tiles M\u00e1quinas","slug":"ordenadores-y-portatiles-maquinas","term_group":0,"term_taxonomy_id":573,"taxonomy":"product_cat","description":"","parent":0,"count":0,"filter":"raw","image":""}]},"_links":{"self":[{"href":"https:\/\/accrashop.com\/es\/wp-json\/wp\/v2\/product\/6409","targetHints":{"allow":["GET"]}}],"collection":[{"href":"https:\/\/accrashop.com\/es\/wp-json\/wp\/v2\/product"}],"about":[{"href":"https:\/\/accrashop.com\/es\/wp-json\/wp\/v2\/types\/product"}],"replies":[{"embeddable":true,"href":"https:\/\/accrashop.com\/es\/wp-json\/wp\/v2\/comments?post=6409"}],"version-history":[{"count":1,"href":"https:\/\/accrashop.com\/es\/wp-json\/wp\/v2\/product\/6409\/revisions"}],"predecessor-version":[{"id":6415,"href":"https:\/\/accrashop.com\/es\/wp-json\/wp\/v2\/product\/6409\/revisions\/6415"}],"wp:featuredmedia":[{"embeddable":true,"href":"https:\/\/accrashop.com\/es\/wp-json\/wp\/v2\/media\/174"}],"wp:attachment":[{"href":"https:\/\/accrashop.com\/es\/wp-json\/wp\/v2\/media?parent=6409"}],"wp:term":[{"taxonomy":"brand","embeddable":true,"href":"https:\/\/accrashop.com\/es\/wp-json\/wp\/v2\/etheme_brands?post=6409"},{"taxonomy":"product_brand","embeddable":true,"href":"https:\/\/accrashop.com\/es\/wp-json\/wp\/v2\/product_brand?post=6409"},{"taxonomy":"product_cat","embeddable":true,"href":"https:\/\/accrashop.com\/es\/wp-json\/wp\/v2\/product_cat?post=6409"},{"taxonomy":"product_tag","embeddable":true,"href":"https:\/\/accrashop.com\/es\/wp-json\/wp\/v2\/product_tag?post=6409"}],"curies":[{"name":"wp","href":"https:\/\/api.w.org\/{rel}","templated":true}]}}