{"id":6317,"date":"2025-09-09T21:05:23","date_gmt":"2025-09-09T21:05:23","guid":{"rendered":"https:\/\/accrashop.com\/product\/calvin-klein-calzoncillos-clasicos-para-hombre\/"},"modified":"2025-09-20T12:21:46","modified_gmt":"2025-09-20T12:21:46","slug":"calvin-klein-calzoncillos-clasicos-para-hombre","status":"publish","type":"product","link":"https:\/\/accrashop.com\/es\/producto\/calvin-klein-calzoncillos-clasicos-para-hombre\/","title":{"rendered":"Calvin Klein Calzoncillos cl\u00e1sicos para hombre"},"content":{"rendered":"<p>La descripci\u00f3n de este producto no est\u00e1 disponible.<\/p>\n","protected":false},"excerpt":{"rendered":"<p>Se trata de un producto de muestra s\u00f3lo para fines de exposici\u00f3n.<br \/>\nNo se puede comprar.<\/p>\n","protected":false},"featured_media":236,"comment_status":"open","ping_status":"closed","template":"","meta":{"om_disable_all_campaigns":false},"etheme_brands":[],"product_brand":[],"product_cat":[463,471,528,527],"product_tag":[],"class_list":{"0":"post-6317","1":"product","2":"type-product","3":"status-publish","4":"has-post-thumbnail","6":"product_cat-moda","7":"product_cat-moda-hombre","8":"product_cat-ropa-interior","9":"product_cat-ropa","11":"first","12":"outofstock","13":"shipping-taxable","14":"purchasable","15":"product-type-variable"},"pure_taxonomies":{"product_cat":[{"term_id":463,"name":"Moda","slug":"moda","term_group":0,"term_taxonomy_id":463,"taxonomy":"product_cat","description":"[block id=\"2801\"]","parent":0,"count":22,"filter":"raw","image":""},{"term_id":471,"name":"Moda hombre","slug":"moda-hombre","term_group":0,"term_taxonomy_id":471,"taxonomy":"product_cat","description":"","parent":0,"count":19,"filter":"raw","image":""},{"term_id":528,"name":"Ropa interior","slug":"ropa-interior","term_group":0,"term_taxonomy_id":528,"taxonomy":"product_cat","description":"","parent":0,"count":0,"filter":"raw","image":""},{"term_id":527,"name":"Ropa","slug":"ropa","term_group":0,"term_taxonomy_id":527,"taxonomy":"product_cat","description":"","parent":0,"count":11,"filter":"raw","image":""}]},"_links":{"self":[{"href":"https:\/\/accrashop.com\/es\/wp-json\/wp\/v2\/product\/6317","targetHints":{"allow":["GET"]}}],"collection":[{"href":"https:\/\/accrashop.com\/es\/wp-json\/wp\/v2\/product"}],"about":[{"href":"https:\/\/accrashop.com\/es\/wp-json\/wp\/v2\/types\/product"}],"replies":[{"embeddable":true,"href":"https:\/\/accrashop.com\/es\/wp-json\/wp\/v2\/comments?post=6317"}],"version-history":[{"count":1,"href":"https:\/\/accrashop.com\/es\/wp-json\/wp\/v2\/product\/6317\/revisions"}],"predecessor-version":[{"id":6320,"href":"https:\/\/accrashop.com\/es\/wp-json\/wp\/v2\/product\/6317\/revisions\/6320"}],"wp:featuredmedia":[{"embeddable":true,"href":"https:\/\/accrashop.com\/es\/wp-json\/wp\/v2\/media\/236"}],"wp:attachment":[{"href":"https:\/\/accrashop.com\/es\/wp-json\/wp\/v2\/media?parent=6317"}],"wp:term":[{"taxonomy":"brand","embeddable":true,"href":"https:\/\/accrashop.com\/es\/wp-json\/wp\/v2\/etheme_brands?post=6317"},{"taxonomy":"product_brand","embeddable":true,"href":"https:\/\/accrashop.com\/es\/wp-json\/wp\/v2\/product_brand?post=6317"},{"taxonomy":"product_cat","embeddable":true,"href":"https:\/\/accrashop.com\/es\/wp-json\/wp\/v2\/product_cat?post=6317"},{"taxonomy":"product_tag","embeddable":true,"href":"https:\/\/accrashop.com\/es\/wp-json\/wp\/v2\/product_tag?post=6317"}],"curies":[{"name":"wp","href":"https:\/\/api.w.org\/{rel}","templated":true}]}}