{"id":7056,"date":"2025-09-09T20:39:22","date_gmt":"2025-09-09T20:39:22","guid":{"rendered":"https:\/\/accrashop.com\/product\/synthetische-utility-hose-fuer-maenner\/"},"modified":"2025-09-20T12:25:30","modified_gmt":"2025-09-20T12:25:30","slug":"synthetische-utility-hose-fuer-maenner","status":"publish","type":"product","link":"https:\/\/accrashop.com\/de\/produkt\/synthetische-utility-hose-fuer-maenner\/","title":{"rendered":"Synthetische Utility-Hose f\u00fcr M\u00e4nner"},"content":{"rendered":"<p>Beschreibung f\u00fcr dieses Produkt nicht verf\u00fcgbar.<\/p>\n","protected":false},"excerpt":{"rendered":"<p>Dies ist ein Musterprodukt, das nur zu Ausstellungszwecken dient.<br \/>\nNicht k\u00e4uflich zu erwerben.<\/p>\n","protected":false},"featured_media":7057,"comment_status":"open","ping_status":"closed","template":"","meta":{"om_disable_all_campaigns":false},"etheme_brands":[],"product_brand":[],"product_cat":[462,465,761,521],"product_tag":[],"class_list":{"0":"post-7056","1":"product","2":"type-product","3":"status-publish","4":"has-post-thumbnail","6":"product_cat-mode","7":"product_cat-manner-mode","8":"product_cat-hosen","9":"product_cat-kleidung","11":"first","12":"outofstock","13":"shipping-taxable","14":"purchasable","15":"product-type-variable"},"pure_taxonomies":{"product_cat":[{"term_id":462,"name":"Mode","slug":"mode","term_group":0,"term_taxonomy_id":462,"taxonomy":"product_cat","description":"[block id=\"2801\"]","parent":0,"count":22,"filter":"raw","image":""},{"term_id":465,"name":"M\u00e4nner Mode","slug":"manner-mode","term_group":0,"term_taxonomy_id":465,"taxonomy":"product_cat","description":"","parent":0,"count":19,"filter":"raw","image":""},{"term_id":761,"name":"Hosen","slug":"hosen","term_group":0,"term_taxonomy_id":761,"taxonomy":"product_cat","description":"","parent":0,"count":1,"filter":"raw","image":""},{"term_id":521,"name":"Kleidung","slug":"kleidung","term_group":0,"term_taxonomy_id":521,"taxonomy":"product_cat","description":"","parent":0,"count":11,"filter":"raw","image":""}]},"_links":{"self":[{"href":"https:\/\/accrashop.com\/de\/wp-json\/wp\/v2\/product\/7056","targetHints":{"allow":["GET"]}}],"collection":[{"href":"https:\/\/accrashop.com\/de\/wp-json\/wp\/v2\/product"}],"about":[{"href":"https:\/\/accrashop.com\/de\/wp-json\/wp\/v2\/types\/product"}],"replies":[{"embeddable":true,"href":"https:\/\/accrashop.com\/de\/wp-json\/wp\/v2\/comments?post=7056"}],"version-history":[{"count":1,"href":"https:\/\/accrashop.com\/de\/wp-json\/wp\/v2\/product\/7056\/revisions"}],"predecessor-version":[{"id":7058,"href":"https:\/\/accrashop.com\/de\/wp-json\/wp\/v2\/product\/7056\/revisions\/7058"}],"wp:featuredmedia":[{"embeddable":true,"href":"https:\/\/accrashop.com\/de\/wp-json\/wp\/v2\/media\/7057"}],"wp:attachment":[{"href":"https:\/\/accrashop.com\/de\/wp-json\/wp\/v2\/media?parent=7056"}],"wp:term":[{"taxonomy":"brand","embeddable":true,"href":"https:\/\/accrashop.com\/de\/wp-json\/wp\/v2\/etheme_brands?post=7056"},{"taxonomy":"product_brand","embeddable":true,"href":"https:\/\/accrashop.com\/de\/wp-json\/wp\/v2\/product_brand?post=7056"},{"taxonomy":"product_cat","embeddable":true,"href":"https:\/\/accrashop.com\/de\/wp-json\/wp\/v2\/product_cat?post=7056"},{"taxonomy":"product_tag","embeddable":true,"href":"https:\/\/accrashop.com\/de\/wp-json\/wp\/v2\/product_tag?post=7056"}],"curies":[{"name":"wp","href":"https:\/\/api.w.org\/{rel}","templated":true}]}}