{"id":7021,"date":"2025-09-09T20:20:11","date_gmt":"2025-09-09T20:20:11","guid":{"rendered":"https:\/\/accrashop.com\/product\/weisses-herrenbekleidungsset\/"},"modified":"2025-09-20T12:25:18","modified_gmt":"2025-09-20T12:25:18","slug":"weisses-herrenbekleidungsset","status":"publish","type":"product","link":"https:\/\/accrashop.com\/de\/produkt\/weisses-herrenbekleidungsset\/","title":{"rendered":"Wei\u00dfes Herrenbekleidungsset"},"content":{"rendered":"<p>Beschreibung f\u00fcr dieses Produkt nicht verf\u00fcgbar.<\/p>\n","protected":false},"excerpt":{"rendered":"<p>Dies ist ein Musterprodukt, das nur zu Ausstellungszwecken dient.<br \/>\nNicht k\u00e4uflich zu erwerben.<\/p>\n","protected":false},"featured_media":203,"comment_status":"open","ping_status":"closed","template":"","meta":{"om_disable_all_campaigns":false},"etheme_brands":[],"product_brand":[],"product_cat":[750,462,465,521],"product_tag":[],"class_list":{"0":"post-7021","1":"product","2":"type-product","3":"status-publish","4":"has-post-thumbnail","6":"product_cat-kleidung-sets","7":"product_cat-mode","8":"product_cat-manner-mode","9":"product_cat-kleidung","11":"first","12":"outofstock","13":"shipping-taxable","14":"purchasable","15":"product-type-simple"},"pure_taxonomies":{"product_cat":[{"term_id":750,"name":"Kleidung Sets","slug":"kleidung-sets","term_group":0,"term_taxonomy_id":750,"taxonomy":"product_cat","description":"","parent":0,"count":0,"filter":"raw","image":""},{"term_id":462,"name":"Mode","slug":"mode","term_group":0,"term_taxonomy_id":462,"taxonomy":"product_cat","description":"[block id=\"2801\"]","parent":0,"count":22,"filter":"raw","image":""},{"term_id":465,"name":"M\u00e4nner Mode","slug":"manner-mode","term_group":0,"term_taxonomy_id":465,"taxonomy":"product_cat","description":"","parent":0,"count":19,"filter":"raw","image":""},{"term_id":521,"name":"Kleidung","slug":"kleidung","term_group":0,"term_taxonomy_id":521,"taxonomy":"product_cat","description":"","parent":0,"count":11,"filter":"raw","image":""}]},"_links":{"self":[{"href":"https:\/\/accrashop.com\/de\/wp-json\/wp\/v2\/product\/7021","targetHints":{"allow":["GET"]}}],"collection":[{"href":"https:\/\/accrashop.com\/de\/wp-json\/wp\/v2\/product"}],"about":[{"href":"https:\/\/accrashop.com\/de\/wp-json\/wp\/v2\/types\/product"}],"replies":[{"embeddable":true,"href":"https:\/\/accrashop.com\/de\/wp-json\/wp\/v2\/comments?post=7021"}],"version-history":[{"count":1,"href":"https:\/\/accrashop.com\/de\/wp-json\/wp\/v2\/product\/7021\/revisions"}],"predecessor-version":[{"id":7026,"href":"https:\/\/accrashop.com\/de\/wp-json\/wp\/v2\/product\/7021\/revisions\/7026"}],"wp:featuredmedia":[{"embeddable":true,"href":"https:\/\/accrashop.com\/de\/wp-json\/wp\/v2\/media\/203"}],"wp:attachment":[{"href":"https:\/\/accrashop.com\/de\/wp-json\/wp\/v2\/media?parent=7021"}],"wp:term":[{"taxonomy":"brand","embeddable":true,"href":"https:\/\/accrashop.com\/de\/wp-json\/wp\/v2\/etheme_brands?post=7021"},{"taxonomy":"product_brand","embeddable":true,"href":"https:\/\/accrashop.com\/de\/wp-json\/wp\/v2\/product_brand?post=7021"},{"taxonomy":"product_cat","embeddable":true,"href":"https:\/\/accrashop.com\/de\/wp-json\/wp\/v2\/product_cat?post=7021"},{"taxonomy":"product_tag","embeddable":true,"href":"https:\/\/accrashop.com\/de\/wp-json\/wp\/v2\/product_tag?post=7021"}],"curies":[{"name":"wp","href":"https:\/\/api.w.org\/{rel}","templated":true}]}}