{"id":7003,"date":"2025-09-09T20:01:18","date_gmt":"2025-09-09T20:01:18","guid":{"rendered":"https:\/\/accrashop.com\/product\/xbox-wireless-controller-roboter-weiss\/"},"modified":"2025-09-20T12:25:14","modified_gmt":"2025-09-20T12:25:14","slug":"xbox-wireless-controller-roboter-weiss","status":"publish","type":"product","link":"https:\/\/accrashop.com\/de\/produkt\/xbox-wireless-controller-roboter-weiss\/","title":{"rendered":"Xbox Wireless Controller &#8211; Roboter wei\u00df"},"content":{"rendered":"<p>Beschreibung f\u00fcr dieses Produkt nicht verf\u00fcgbar.<\/p>\n","protected":false},"excerpt":{"rendered":"<p>Dies ist ein Musterprodukt, das nur zu Ausstellungszwecken dient.<br \/>\nNicht k\u00e4uflich zu erwerben.<\/p>\n","protected":false},"featured_media":195,"comment_status":"open","ping_status":"closed","template":"","meta":{"om_disable_all_campaigns":false},"etheme_brands":[],"product_brand":[],"product_cat":[744],"product_tag":[],"class_list":{"0":"post-7003","1":"product","2":"type-product","3":"status-publish","4":"has-post-thumbnail","6":"product_cat-videos-spiele-videos-spiele-konsolen","8":"first","9":"outofstock","10":"shipping-taxable","11":"purchasable","12":"product-type-simple"},"pure_taxonomies":{"product_cat":[{"term_id":744,"name":"Videos Spiele &amp; Videos Spiele Konsolen","slug":"videos-spiele-videos-spiele-konsolen","term_group":0,"term_taxonomy_id":744,"taxonomy":"product_cat","description":"","parent":0,"count":0,"filter":"raw","image":""}]},"_links":{"self":[{"href":"https:\/\/accrashop.com\/de\/wp-json\/wp\/v2\/product\/7003","targetHints":{"allow":["GET"]}}],"collection":[{"href":"https:\/\/accrashop.com\/de\/wp-json\/wp\/v2\/product"}],"about":[{"href":"https:\/\/accrashop.com\/de\/wp-json\/wp\/v2\/types\/product"}],"replies":[{"embeddable":true,"href":"https:\/\/accrashop.com\/de\/wp-json\/wp\/v2\/comments?post=7003"}],"version-history":[{"count":1,"href":"https:\/\/accrashop.com\/de\/wp-json\/wp\/v2\/product\/7003\/revisions"}],"predecessor-version":[{"id":7008,"href":"https:\/\/accrashop.com\/de\/wp-json\/wp\/v2\/product\/7003\/revisions\/7008"}],"wp:featuredmedia":[{"embeddable":true,"href":"https:\/\/accrashop.com\/de\/wp-json\/wp\/v2\/media\/195"}],"wp:attachment":[{"href":"https:\/\/accrashop.com\/de\/wp-json\/wp\/v2\/media?parent=7003"}],"wp:term":[{"taxonomy":"brand","embeddable":true,"href":"https:\/\/accrashop.com\/de\/wp-json\/wp\/v2\/etheme_brands?post=7003"},{"taxonomy":"product_brand","embeddable":true,"href":"https:\/\/accrashop.com\/de\/wp-json\/wp\/v2\/product_brand?post=7003"},{"taxonomy":"product_cat","embeddable":true,"href":"https:\/\/accrashop.com\/de\/wp-json\/wp\/v2\/product_cat?post=7003"},{"taxonomy":"product_tag","embeddable":true,"href":"https:\/\/accrashop.com\/de\/wp-json\/wp\/v2\/product_tag?post=7003"}],"curies":[{"name":"wp","href":"https:\/\/api.w.org\/{rel}","templated":true}]}}