{"id":6985,"date":"2025-09-09T20:06:45","date_gmt":"2025-09-09T20:06:45","guid":{"rendered":"https:\/\/accrashop.com\/product\/maenner-mode-leder-messenger-bag\/"},"modified":"2025-09-20T12:25:10","modified_gmt":"2025-09-20T12:25:10","slug":"maenner-mode-leder-messenger-bag","status":"publish","type":"product","link":"https:\/\/accrashop.com\/de\/produkt\/maenner-mode-leder-messenger-bag\/","title":{"rendered":"M\u00e4nner Mode Leder Messenger Bag"},"content":{"rendered":"<p>Beschreibung f\u00fcr dieses Produkt nicht verf\u00fcgbar.<\/p>\n","protected":false},"excerpt":{"rendered":"<p>Dies ist ein Musterprodukt, das nur zu Ausstellungszwecken dient.<br \/>\nNicht k\u00e4uflich zu erwerben.<\/p>\n","protected":false},"featured_media":197,"comment_status":"open","ping_status":"closed","template":"","meta":{"om_disable_all_campaigns":false},"etheme_brands":[],"product_brand":[],"product_cat":[735,462,465,734],"product_tag":[],"class_list":{"0":"post-6985","1":"product","2":"type-product","3":"status-publish","4":"has-post-thumbnail","6":"product_cat-reisegepack-reisetaschen-rucksacke","7":"product_cat-mode","8":"product_cat-manner-mode","9":"product_cat-taschen","11":"first","12":"outofstock","13":"shipping-taxable","14":"purchasable","15":"product-type-simple"},"pure_taxonomies":{"product_cat":[{"term_id":735,"name":"Reisegep\u00e4ck &amp; Reisetaschen, Rucks\u00e4cke","slug":"reisegepack-reisetaschen-rucksacke","term_group":0,"term_taxonomy_id":735,"taxonomy":"product_cat","description":"","parent":0,"count":0,"filter":"raw","image":""},{"term_id":462,"name":"Mode","slug":"mode","term_group":0,"term_taxonomy_id":462,"taxonomy":"product_cat","description":"[block id=\"2801\"]","parent":0,"count":22,"filter":"raw","image":""},{"term_id":465,"name":"M\u00e4nner Mode","slug":"manner-mode","term_group":0,"term_taxonomy_id":465,"taxonomy":"product_cat","description":"","parent":0,"count":19,"filter":"raw","image":""},{"term_id":734,"name":"Taschen","slug":"taschen","term_group":0,"term_taxonomy_id":734,"taxonomy":"product_cat","description":"","parent":0,"count":0,"filter":"raw","image":""}]},"_links":{"self":[{"href":"https:\/\/accrashop.com\/de\/wp-json\/wp\/v2\/product\/6985","targetHints":{"allow":["GET"]}}],"collection":[{"href":"https:\/\/accrashop.com\/de\/wp-json\/wp\/v2\/product"}],"about":[{"href":"https:\/\/accrashop.com\/de\/wp-json\/wp\/v2\/types\/product"}],"replies":[{"embeddable":true,"href":"https:\/\/accrashop.com\/de\/wp-json\/wp\/v2\/comments?post=6985"}],"version-history":[{"count":1,"href":"https:\/\/accrashop.com\/de\/wp-json\/wp\/v2\/product\/6985\/revisions"}],"predecessor-version":[{"id":6987,"href":"https:\/\/accrashop.com\/de\/wp-json\/wp\/v2\/product\/6985\/revisions\/6987"}],"wp:featuredmedia":[{"embeddable":true,"href":"https:\/\/accrashop.com\/de\/wp-json\/wp\/v2\/media\/197"}],"wp:attachment":[{"href":"https:\/\/accrashop.com\/de\/wp-json\/wp\/v2\/media?parent=6985"}],"wp:term":[{"taxonomy":"brand","embeddable":true,"href":"https:\/\/accrashop.com\/de\/wp-json\/wp\/v2\/etheme_brands?post=6985"},{"taxonomy":"product_brand","embeddable":true,"href":"https:\/\/accrashop.com\/de\/wp-json\/wp\/v2\/product_brand?post=6985"},{"taxonomy":"product_cat","embeddable":true,"href":"https:\/\/accrashop.com\/de\/wp-json\/wp\/v2\/product_cat?post=6985"},{"taxonomy":"product_tag","embeddable":true,"href":"https:\/\/accrashop.com\/de\/wp-json\/wp\/v2\/product_tag?post=6985"}],"curies":[{"name":"wp","href":"https:\/\/api.w.org\/{rel}","templated":true}]}}