{"id":6836,"date":"2025-09-16T05:48:33","date_gmt":"2025-09-16T05:48:33","guid":{"rendered":"https:\/\/accrashop.com\/product\/afrikanische-kleidung-fuer-maenner\/"},"modified":"2025-09-20T12:24:20","modified_gmt":"2025-09-20T12:24:20","slug":"afrikanische-kleidung-fuer-maenner","status":"publish","type":"product","link":"https:\/\/accrashop.com\/de\/produkt\/afrikanische-kleidung-fuer-maenner\/","title":{"rendered":"Afrikanische Kleidung f\u00fcr M\u00e4nner"},"content":{"rendered":"","protected":false},"excerpt":{"rendered":"<p>Unisex afrikanische Oberbekleidung f\u00fcr alle Gelegenheiten.<\/p>\n","protected":false},"featured_media":6839,"comment_status":"open","ping_status":"closed","template":"","meta":{"om_disable_all_campaigns":false},"etheme_brands":[],"product_brand":[],"product_cat":[720,462,465,521],"product_tag":[],"class_list":{"0":"post-6836","1":"product","2":"type-product","3":"status-publish","4":"has-post-thumbnail","6":"product_cat-kaftane-traditionelle-ethnische-kleidung","7":"product_cat-mode","8":"product_cat-manner-mode","9":"product_cat-kleidung","11":"first","12":"instock","13":"sale","14":"shipping-taxable","15":"purchasable","16":"product-type-simple"},"pure_taxonomies":{"product_cat":[{"term_id":720,"name":"Kaftane, Traditionelle &amp; Ethnische Kleidung","slug":"kaftane-traditionelle-ethnische-kleidung","term_group":0,"term_taxonomy_id":720,"taxonomy":"product_cat","description":"","parent":0,"count":2,"filter":"raw","image":""},{"term_id":462,"name":"Mode","slug":"mode","term_group":0,"term_taxonomy_id":462,"taxonomy":"product_cat","description":"[block id=\"2801\"]","parent":0,"count":22,"filter":"raw","image":""},{"term_id":465,"name":"M\u00e4nner Mode","slug":"manner-mode","term_group":0,"term_taxonomy_id":465,"taxonomy":"product_cat","description":"","parent":0,"count":19,"filter":"raw","image":""},{"term_id":521,"name":"Kleidung","slug":"kleidung","term_group":0,"term_taxonomy_id":521,"taxonomy":"product_cat","description":"","parent":0,"count":11,"filter":"raw","image":""}]},"_links":{"self":[{"href":"https:\/\/accrashop.com\/de\/wp-json\/wp\/v2\/product\/6836","targetHints":{"allow":["GET"]}}],"collection":[{"href":"https:\/\/accrashop.com\/de\/wp-json\/wp\/v2\/product"}],"about":[{"href":"https:\/\/accrashop.com\/de\/wp-json\/wp\/v2\/types\/product"}],"replies":[{"embeddable":true,"href":"https:\/\/accrashop.com\/de\/wp-json\/wp\/v2\/comments?post=6836"}],"version-history":[{"count":1,"href":"https:\/\/accrashop.com\/de\/wp-json\/wp\/v2\/product\/6836\/revisions"}],"predecessor-version":[{"id":6841,"href":"https:\/\/accrashop.com\/de\/wp-json\/wp\/v2\/product\/6836\/revisions\/6841"}],"wp:featuredmedia":[{"embeddable":true,"href":"https:\/\/accrashop.com\/de\/wp-json\/wp\/v2\/media\/6839"}],"wp:attachment":[{"href":"https:\/\/accrashop.com\/de\/wp-json\/wp\/v2\/media?parent=6836"}],"wp:term":[{"taxonomy":"brand","embeddable":true,"href":"https:\/\/accrashop.com\/de\/wp-json\/wp\/v2\/etheme_brands?post=6836"},{"taxonomy":"product_brand","embeddable":true,"href":"https:\/\/accrashop.com\/de\/wp-json\/wp\/v2\/product_brand?post=6836"},{"taxonomy":"product_cat","embeddable":true,"href":"https:\/\/accrashop.com\/de\/wp-json\/wp\/v2\/product_cat?post=6836"},{"taxonomy":"product_tag","embeddable":true,"href":"https:\/\/accrashop.com\/de\/wp-json\/wp\/v2\/product_tag?post=6836"}],"curies":[{"name":"wp","href":"https:\/\/api.w.org\/{rel}","templated":true}]}}