{"id":6799,"date":"2025-09-07T10:54:33","date_gmt":"2025-09-07T10:54:33","guid":{"rendered":"https:\/\/accrashop.com\/product\/fuss-spa-massagegeraet\/"},"modified":"2025-09-20T12:24:11","modified_gmt":"2025-09-20T12:24:11","slug":"fuss-spa-massagegeraet","status":"publish","type":"product","link":"https:\/\/accrashop.com\/de\/produkt\/fuss-spa-massagegeraet\/","title":{"rendered":"Fu\u00df Spa Massageger\u00e4t"},"content":{"rendered":"<p>Produktbeschreibung nicht verf\u00fcgbar.<\/p>\n","protected":false},"excerpt":{"rendered":"<p>Dies ist ein Musterprodukt, das nur zu Ausstellungszwecken dient.<br \/>\nNicht k\u00e4uflich zu erwerben.<\/p>\n","protected":false},"featured_media":157,"comment_status":"open","ping_status":"closed","template":"","meta":{"om_disable_all_campaigns":false},"etheme_brands":[],"product_brand":[],"product_cat":[683,580,588],"product_tag":[],"class_list":{"0":"post-6799","1":"product","2":"type-product","3":"status-publish","4":"has-post-thumbnail","6":"product_cat-sonstige-friseur-und-salonausstattung","7":"product_cat-gewerbliche-industrielle-ausrustung","8":"product_cat-friseur-salonausrustung","10":"first","11":"outofstock","12":"shipping-taxable","13":"purchasable","14":"product-type-simple"},"pure_taxonomies":{"product_cat":[{"term_id":683,"name":"Sonstige Friseur- und Salonausstattung","slug":"sonstige-friseur-und-salonausstattung","term_group":0,"term_taxonomy_id":683,"taxonomy":"product_cat","description":"","parent":0,"count":0,"filter":"raw","image":""},{"term_id":580,"name":"Gewerbliche &amp; industrielle Ausr\u00fcstung","slug":"gewerbliche-industrielle-ausrustung","term_group":0,"term_taxonomy_id":580,"taxonomy":"product_cat","description":"","parent":0,"count":0,"filter":"raw","image":""},{"term_id":588,"name":"Friseur- &amp; Salonausr\u00fcstung","slug":"friseur-salonausrustung","term_group":0,"term_taxonomy_id":588,"taxonomy":"product_cat","description":"","parent":0,"count":0,"filter":"raw","image":""}]},"_links":{"self":[{"href":"https:\/\/accrashop.com\/de\/wp-json\/wp\/v2\/product\/6799","targetHints":{"allow":["GET"]}}],"collection":[{"href":"https:\/\/accrashop.com\/de\/wp-json\/wp\/v2\/product"}],"about":[{"href":"https:\/\/accrashop.com\/de\/wp-json\/wp\/v2\/types\/product"}],"replies":[{"embeddable":true,"href":"https:\/\/accrashop.com\/de\/wp-json\/wp\/v2\/comments?post=6799"}],"version-history":[{"count":1,"href":"https:\/\/accrashop.com\/de\/wp-json\/wp\/v2\/product\/6799\/revisions"}],"predecessor-version":[{"id":6807,"href":"https:\/\/accrashop.com\/de\/wp-json\/wp\/v2\/product\/6799\/revisions\/6807"}],"wp:featuredmedia":[{"embeddable":true,"href":"https:\/\/accrashop.com\/de\/wp-json\/wp\/v2\/media\/157"}],"wp:attachment":[{"href":"https:\/\/accrashop.com\/de\/wp-json\/wp\/v2\/media?parent=6799"}],"wp:term":[{"taxonomy":"brand","embeddable":true,"href":"https:\/\/accrashop.com\/de\/wp-json\/wp\/v2\/etheme_brands?post=6799"},{"taxonomy":"product_brand","embeddable":true,"href":"https:\/\/accrashop.com\/de\/wp-json\/wp\/v2\/product_brand?post=6799"},{"taxonomy":"product_cat","embeddable":true,"href":"https:\/\/accrashop.com\/de\/wp-json\/wp\/v2\/product_cat?post=6799"},{"taxonomy":"product_tag","embeddable":true,"href":"https:\/\/accrashop.com\/de\/wp-json\/wp\/v2\/product_tag?post=6799"}],"curies":[{"name":"wp","href":"https:\/\/api.w.org\/{rel}","templated":true}]}}