{"id":6595,"date":"2025-09-02T12:49:55","date_gmt":"2025-09-02T12:49:55","guid":{"rendered":"https:\/\/accrashop.com\/product\/5-tafelbilder-herde-von-hirschen\/"},"modified":"2025-09-20T12:23:15","modified_gmt":"2025-09-20T12:23:15","slug":"5-tafelbilder-herde-von-hirschen","status":"publish","type":"product","link":"https:\/\/accrashop.com\/de\/produkt\/5-tafelbilder-herde-von-hirschen\/","title":{"rendered":"5 Tafelbilder &#8211; Herde von Hirschen"},"content":{"rendered":"<p><br data-mce-bogus=\"1\"><\/p>\n","protected":false},"excerpt":{"rendered":"<p>Wandbild mit mehreren Paneelen (5).<\/p>\n<p>Bild einer Herde von Hirschen.<\/p>\n<p>Hochaufl\u00f6sender Druck auf 5 mm dicken ABS-Platten.<\/p>\n<p>Abmessungen: Gesamtbreite: 150 Zentimeter \/ H\u00f6he: 85 Zentimeter \/ Dicke: 5 Millimeter<\/p>\n<p>Sie brauchen keine Rei\u00dfzwecken, um das Bild aufzuh\u00e4ngen, denn auf der R\u00fcckseite jedes Paneels ist bereits Klebeband angebracht.<\/p>\n","protected":false},"featured_media":0,"comment_status":"open","ping_status":"closed","template":"","meta":{"om_disable_all_campaigns":false},"etheme_brands":[],"product_brand":[],"product_cat":[660,461,658,659,657],"product_tag":[],"class_list":{"0":"post-6595","1":"product","2":"type-product","3":"status-publish","5":"product_cat-rahmen-sets","6":"product_cat-startseite","7":"product_cat-wand","8":"product_cat-wand-rahmen","9":"product_cat-wohnkultur","11":"first","12":"instock","13":"shipping-taxable","14":"purchasable","15":"product-type-simple"},"pure_taxonomies":{"product_cat":[{"term_id":660,"name":"Rahmen-Sets","slug":"rahmen-sets","term_group":0,"term_taxonomy_id":660,"taxonomy":"product_cat","description":"","parent":0,"count":0,"filter":"raw","image":""},{"term_id":461,"name":"Startseite","slug":"startseite","term_group":0,"term_taxonomy_id":461,"taxonomy":"product_cat","description":"","parent":0,"count":3,"filter":"raw","image":""},{"term_id":658,"name":"Wand","slug":"wand","term_group":0,"term_taxonomy_id":658,"taxonomy":"product_cat","description":"","parent":0,"count":0,"filter":"raw","image":""},{"term_id":659,"name":"Wand-Rahmen","slug":"wand-rahmen","term_group":0,"term_taxonomy_id":659,"taxonomy":"product_cat","description":"","parent":0,"count":0,"filter":"raw","image":""},{"term_id":657,"name":"Wohnkultur","slug":"wohnkultur","term_group":0,"term_taxonomy_id":657,"taxonomy":"product_cat","description":"","parent":0,"count":2,"filter":"raw","image":""}]},"_links":{"self":[{"href":"https:\/\/accrashop.com\/de\/wp-json\/wp\/v2\/product\/6595","targetHints":{"allow":["GET"]}}],"collection":[{"href":"https:\/\/accrashop.com\/de\/wp-json\/wp\/v2\/product"}],"about":[{"href":"https:\/\/accrashop.com\/de\/wp-json\/wp\/v2\/types\/product"}],"replies":[{"embeddable":true,"href":"https:\/\/accrashop.com\/de\/wp-json\/wp\/v2\/comments?post=6595"}],"version-history":[{"count":1,"href":"https:\/\/accrashop.com\/de\/wp-json\/wp\/v2\/product\/6595\/revisions"}],"predecessor-version":[{"id":6596,"href":"https:\/\/accrashop.com\/de\/wp-json\/wp\/v2\/product\/6595\/revisions\/6596"}],"wp:attachment":[{"href":"https:\/\/accrashop.com\/de\/wp-json\/wp\/v2\/media?parent=6595"}],"wp:term":[{"taxonomy":"brand","embeddable":true,"href":"https:\/\/accrashop.com\/de\/wp-json\/wp\/v2\/etheme_brands?post=6595"},{"taxonomy":"product_brand","embeddable":true,"href":"https:\/\/accrashop.com\/de\/wp-json\/wp\/v2\/product_brand?post=6595"},{"taxonomy":"product_cat","embeddable":true,"href":"https:\/\/accrashop.com\/de\/wp-json\/wp\/v2\/product_cat?post=6595"},{"taxonomy":"product_tag","embeddable":true,"href":"https:\/\/accrashop.com\/de\/wp-json\/wp\/v2\/product_tag?post=6595"}],"curies":[{"name":"wp","href":"https:\/\/api.w.org\/{rel}","templated":true}]}}