{"id":6238,"date":"2025-09-09T21:27:52","date_gmt":"2025-09-09T21:27:52","guid":{"rendered":"https:\/\/accrashop.com\/product\/arbeitsstiefel-fuer-maenner\/"},"modified":"2025-09-20T12:21:30","modified_gmt":"2025-09-20T12:21:30","slug":"arbeitsstiefel-fuer-maenner","status":"publish","type":"product","link":"https:\/\/accrashop.com\/de\/produkt\/arbeitsstiefel-fuer-maenner\/","title":{"rendered":"Arbeitsstiefel f\u00fcr M\u00e4nner"},"content":{"rendered":"<p>Beschreibung f\u00fcr dieses Produkt nicht verf\u00fcgbar.<\/p>\n","protected":false},"excerpt":{"rendered":"<p>Dies ist ein Musterprodukt, das nur zu Ausstellungszwecken dient.<br \/>\nNicht k\u00e4uflich zu erwerben.<\/p>\n","protected":false},"featured_media":245,"comment_status":"open","ping_status":"closed","template":"","meta":{"om_disable_all_campaigns":false},"etheme_brands":[],"product_brand":[],"product_cat":[496,464,462,465],"product_tag":[],"class_list":{"0":"post-6238","1":"product","2":"type-product","3":"status-publish","4":"has-post-thumbnail","6":"product_cat-stiefel","7":"product_cat-schuhe","8":"product_cat-mode","9":"product_cat-manner-mode","11":"first","12":"outofstock","13":"shipping-taxable","14":"purchasable","15":"product-type-variable"},"pure_taxonomies":{"product_cat":[{"term_id":496,"name":"Stiefel","slug":"stiefel","term_group":0,"term_taxonomy_id":496,"taxonomy":"product_cat","description":"","parent":0,"count":0,"filter":"raw","image":""},{"term_id":464,"name":"Schuhe","slug":"schuhe","term_group":0,"term_taxonomy_id":464,"taxonomy":"product_cat","description":"","parent":0,"count":5,"filter":"raw","image":""},{"term_id":462,"name":"Mode","slug":"mode","term_group":0,"term_taxonomy_id":462,"taxonomy":"product_cat","description":"[block id=\"2801\"]","parent":0,"count":22,"filter":"raw","image":""},{"term_id":465,"name":"M\u00e4nner Mode","slug":"manner-mode","term_group":0,"term_taxonomy_id":465,"taxonomy":"product_cat","description":"","parent":0,"count":19,"filter":"raw","image":""}]},"_links":{"self":[{"href":"https:\/\/accrashop.com\/de\/wp-json\/wp\/v2\/product\/6238","targetHints":{"allow":["GET"]}}],"collection":[{"href":"https:\/\/accrashop.com\/de\/wp-json\/wp\/v2\/product"}],"about":[{"href":"https:\/\/accrashop.com\/de\/wp-json\/wp\/v2\/types\/product"}],"replies":[{"embeddable":true,"href":"https:\/\/accrashop.com\/de\/wp-json\/wp\/v2\/comments?post=6238"}],"version-history":[{"count":1,"href":"https:\/\/accrashop.com\/de\/wp-json\/wp\/v2\/product\/6238\/revisions"}],"predecessor-version":[{"id":6246,"href":"https:\/\/accrashop.com\/de\/wp-json\/wp\/v2\/product\/6238\/revisions\/6246"}],"wp:featuredmedia":[{"embeddable":true,"href":"https:\/\/accrashop.com\/de\/wp-json\/wp\/v2\/media\/245"}],"wp:attachment":[{"href":"https:\/\/accrashop.com\/de\/wp-json\/wp\/v2\/media?parent=6238"}],"wp:term":[{"taxonomy":"brand","embeddable":true,"href":"https:\/\/accrashop.com\/de\/wp-json\/wp\/v2\/etheme_brands?post=6238"},{"taxonomy":"product_brand","embeddable":true,"href":"https:\/\/accrashop.com\/de\/wp-json\/wp\/v2\/product_brand?post=6238"},{"taxonomy":"product_cat","embeddable":true,"href":"https:\/\/accrashop.com\/de\/wp-json\/wp\/v2\/product_cat?post=6238"},{"taxonomy":"product_tag","embeddable":true,"href":"https:\/\/accrashop.com\/de\/wp-json\/wp\/v2\/product_tag?post=6238"}],"curies":[{"name":"wp","href":"https:\/\/api.w.org\/{rel}","templated":true}]}}